{"id":29,"date":"2019-03-14T14:26:48","date_gmt":"2019-03-14T13:26:48","guid":{"rendered":"http:\/\/nina-miles.com\/?page_id=29"},"modified":"2024-07-22T22:12:13","modified_gmt":"2024-07-22T20:12:13","slug":"notre-histoire","status":"publish","type":"page","link":"http:\/\/nina-miles.com\/en\/notre-histoire\/","title":{"rendered":"Our story"},"content":{"rendered":"[vc_row content_placement=&#8221;middle&#8221; css=&#8221;.vc_custom_1570180228929{padding-top: 0px !important;padding-right: 0px !important;padding-bottom: 0px !important;padding-left: 0px !important;}&#8221;][vc_column width=&#8221;1\/4&#8243;][\/vc_column][vc_column width=&#8221;1\/2&#8243;][vc_column_text css=&#8221;.vc_custom_1678950807168{padding-top: 10px !important;padding-right: 10px !important;padding-bottom: 10px !important;padding-left: 10px !important;background-color: #e6eeef !important;border-radius: 1px !important;}&#8221;]\n<h1 style=\"text-align: center;\"><strong><span style=\"font-family: Open Sans, helvetica, sans-serif;\"><span style=\"font-size: 18pt; color: #74a1aa;\">Reinvent the offer in terms of musical awakening.<\/span><\/span><\/strong><\/h1>\n<p style=\"text-align: center;\"><span style=\"font-family: arial, helvetica, sans-serif;\"><span style=\"font-size: 16pt; color: #74a1aa;\">La marque NINA &amp; MILES a vu le jour en 2020. Le clin d\u2019\u0153il est l\u00e0 : le parall\u00e8le entre deux grands artistes jazz (Nina Simone et Miles Davis) et, surtout, une grande envie d\u2019encourager les explorations musicales de tous les petits musiciens et toutes les petites musiciennes en herbe.<\/span><\/span><\/p>\n<p style=\"text-align: center;\"><em><span style=\"font-family: arial, helvetica, sans-serif;\"><span style=\"font-size: 14pt; color: #74a1aa;\">As a musician and a parent, my musical awakening workshops and my passion for education made me start the big adventure of NINA & MILES. After my training course on the <strong>Maria Montessori<\/strong> et faute de trouver une offre de qualit\u00e9 autour de l&#8217;\u00e9veil musical, je me suis dit qu\u2019il fallait la r\u00e9inventer. Ainsi, j&#8217;ai d\u00e9cid\u00e9 de lancer une toute nouvelle collection sous forme d\u2019objets musicaux et d\u2019instruments de musique.<\/span><\/span><\/em><\/p>\n<p style=\"text-align: center;\"><em><span style=\"font-family: arial, helvetica, sans-serif;\"><span style=\"font-size: 14pt; color: #74a1aa;\">Karin Laenen, founder<\/span><\/span><\/em><\/p>\n[\/vc_column_text][\/vc_column][vc_column width=&#8221;1\/4&#8243;][\/vc_column][\/vc_row][vc_row content_placement=&#8221;top&#8221; css=&#8221;.vc_custom_1579537466327{padding-top: 0px !important;padding-right: 0px !important;padding-bottom: 0px !important;padding-left: 0px !important;}&#8221;][vc_column width=&#8221;2\/3&#8243;][vc_column_text css_animation=&#8221;none&#8221; css=&#8221;.vc_custom_1579537399885{border-top-width: 1px !important;border-right-width: 1px !important;border-bottom-width: 1px !important;border-left-width: 1px !important;padding-top: 0px !important;padding-right: 0px !important;padding-bottom: 0px !important;padding-left: 0px !important;background-color: #ffffff !important;border-left-color: #d8c66c !important;border-right-color: #d8c66c !important;border-top-color: #d8c66c !important;border-bottom-color: #d8c66c !important;}&#8221;]\n<h2 style=\"text-align: left;\"><span style=\"font-size: 14pt; color: #74a1aa;\"><span style=\"font-size: 18pt;\">Our (high) place of creation<\/span><\/span><\/h2>\n<p style=\"text-align: left;\"><span style=\"font-size: 15pt; color: #333333;\">NINA & MILES is a small creative studio located on the heights of the hill of Montmartre.\u00a0<\/span><span style=\"font-size: 15pt; color: #333333;\">All our objects are handcrafted in France, in the Jura. Our company carefully selects its service providers at all levels of the production chain (assembly, packaging, logistics, etc.) in order to reduce our environmental impact as much as possible.\u00a0<\/span><\/p>\n[\/vc_column_text][\/vc_column][vc_column width=&#8221;1\/3&#8243;][vc_single_image image=&#8221;4512&#8243; img_size=&#8221;280&#215;280&#8243; alignment=&#8221;center&#8221; css_animation=&#8221;none&#8221;][\/vc_column][\/vc_row][vc_row content_placement=&#8221;top&#8221; css_animation=&#8221;none&#8221; css=&#8221;.vc_custom_1579554308092{border-top-width: 0px !important;border-right-width: 0px !important;border-bottom-width: 0px !important;border-left-width: 0px !important;border-left-color: #ffffff !important;border-left-style: dotted !important;border-right-color: #ffffff !important;border-right-style: dotted !important;border-top-color: #ffffff !important;border-top-style: dotted !important;border-bottom-color: #ffffff !important;border-bottom-style: dotted !important;}&#8221;][vc_column width=&#8221;1\/3&#8243;][vc_single_image image=&#8221;7997&#8243; img_size=&#8221;400&#215;400&#8243; alignment=&#8221;center&#8221; css_animation=&#8221;none&#8221; css=&#8221;.vc_custom_1721679096214{padding-top: 30px !important;padding-right: 20px !important;padding-bottom: 20px !important;padding-left: 20px !important;}&#8221;][\/vc_column][vc_column width=&#8221;2\/3&#8243;][vc_column_text css_animation=&#8221;none&#8221; css=&#8221;.vc_custom_1579554263479{margin-top: 0px !important;margin-right: 0px !important;margin-bottom: 0px !important;margin-left: 0px !important;border-top-width: 0px !important;border-right-width: 0px !important;border-bottom-width: 0px !important;border-left-width: 0px !important;padding-top: 25px !important;padding-right: 25px !important;padding-bottom: 25px !important;padding-left: 25px !important;border-left-color: #ffffff !important;border-right-color: #ffffff !important;border-top-color: #ffffff !important;border-bottom-color: #ffffff !important;}&#8221;]\n<h2><span style=\"font-size: 18pt; color: #74a1aa;\">No need to embellish when music itsef is already seductive !<\/span><\/h2>\n<p style=\"text-align: left;\"><span style=\"color: #333333;\"><span style=\"font-size: 15pt;\">Children are captivated by sounds and musical instruments. There is no need to make them more attractive and make them look like toys. This is why the design of our objects totally banishes references to other worlds and avoids overloaded decors.\u00a0<\/span><span style=\"font-size: 15pt;\">So : no xylophones in the shape of a fish, maracas with a face, multicoloured objects with childish motifs etc.! We claim <strong>clean design<\/strong> knowing that, behind this visual concept, they are hiding above all several <a style=\"color: #333333;\" href=\"http:\/\/nina-miles.com\/en\/inspirations-pedagogiques\/\">pedagogical goals.<\/a><\/span><\/span><\/p>\n[\/vc_column_text][vc_btn title=&#8221;D\u00e9couvrez la collection&#8221; style=&#8221;outline-custom&#8221; outline_custom_color=&#8221;#74a1aa&#8221; outline_custom_hover_background=&#8221;#74a1aa&#8221; outline_custom_hover_text=&#8221;#ffffff&#8221; align=&#8221;center&#8221; css_animation=&#8221;fadeIn&#8221; custom_onclick=&#8221;true&#8221; link=&#8221;url:http%3A%2F%2Fnina-miles.com%2Fcollection%2F|title:Collection||&#8221; css=&#8221;.vc_custom_1579533315899{border-top-width: 1px !important;border-right-width: 1px !important;border-bottom-width: 1px !important;border-left-width: 1px !important;padding-top: 20px !important;padding-right: 20px !important;padding-bottom: 20px !important;padding-left: 20px !important;border-left-color: #ffffff !important;border-left-style: solid !important;border-right-color: #ffffff !important;border-right-style: solid !important;border-top-color: #ffffff !important;border-top-style: solid !important;border-bottom-color: #ffffff !important;border-bottom-style: solid !important;border-radius: 2px !important;}&#8221;][\/vc_column][\/vc_row][vc_row css=&#8221;.vc_custom_1597441292582{border-top-width: 1px !important;border-right-width: 1px !important;border-bottom-width: 1px !important;border-left-width: 1px !important;border-left-color: #ffffff !important;border-left-style: solid !important;border-right-color: #ffffff !important;border-right-style: solid !important;border-top-color: #ffffff !important;border-top-style: solid !important;border-bottom-color: #ffffff !important;border-bottom-style: solid !important;}&#8221;][vc_column width=&#8221;1\/3&#8243;][vc_single_image image=&#8221;4341&#8243; img_size=&#8221;400&#215;400&#8243; alignment=&#8221;center&#8221; css_animation=&#8221;none&#8221; css=&#8221;.vc_custom_1597440251600{padding-top: 30px !important;}&#8221;][vc_column_text][\/vc_column_text][\/vc_column][vc_column width=&#8221;2\/3&#8243;][vc_column_text css_animation=&#8221;none&#8221; css=&#8221;.vc_custom_1579554320414{border-top-width: 0px !important;border-right-width: 0px !important;border-bottom-width: 0px !important;border-left-width: 0px !important;padding-top: 30px !important;padding-right: 30px !important;padding-bottom: 30px !important;padding-left: 30px !important;border-left-color: #ffffff !important;border-right-color: #ffffff !important;border-top-color: #ffffff !important;border-bottom-color: #ffffff !important;}&#8221;]\n<h2><span style=\"font-size: 18pt; color: #74a1aa;\">Educational, ethical and ecological values<\/span><\/h2>\n<p style=\"text-align: left;\"><span style=\"font-size: 15pt; color: #333333;\">Our company carries pedagogical but also human and ethical values:<\/span><span style=\"font-size: 15pt; color: #333333;\">\u00a0<\/span><\/p>\n<ul>\n<li style=\"text-align: left;\"><span style=\"font-size: 15pt; color: #333333;\">We are inspired by several pedagogies including <strong>Montessori<\/strong>,<\/span><\/li>\n<li style=\"text-align: left;\"><span style=\"font-size: 15pt; color: #333333;\"> our production is 100% \"made in France\",\u00a0<\/span><\/li>\n<li style=\"text-align: left;\"><span style=\"font-size: 15pt; color: #333333;\">we support craftsmanship<\/span><\/li>\n<li style=\"text-align: left;\"><span style=\"font-size: 15pt; color: #333333;\">We use untreated beech wood from sustainably managed French forests.<\/span><\/li>\n<\/ul>\n<p><span style=\"font-size: 15pt; color: #333333;\">We are very proud to be able to <\/span><span style=\"font-size: 15pt; color: #333333;\">offer beautiful, sustainable and eco-responsible objects!<\/span>[\/vc_column_text][vc_btn title=&#8221;D\u00e9couvrez nos valeurs&#8221; style=&#8221;outline-custom&#8221; outline_custom_color=&#8221;#74a1aa&#8221; outline_custom_hover_background=&#8221;#74a1aa&#8221; outline_custom_hover_text=&#8221;#ffffff&#8221; align=&#8221;center&#8221; css_animation=&#8221;fadeIn&#8221; custom_onclick=&#8221;true&#8221; link=&#8221;url:http%3A%2F%2Fnina-miles.com%2Findex.php%2Fnos-valeurs%2F|title:Nos%20valeurs||&#8221; css=&#8221;.vc_custom_1579533336435{border-top-width: 1px !important;border-right-width: 1px !important;border-bottom-width: 1px !important;border-left-width: 1px !important;padding-top: 20px !important;padding-right: 20px !important;padding-bottom: 20px !important;padding-left: 20px !important;border-left-color: #ffffff !important;border-left-style: solid !important;border-right-color: #ffffff !important;border-right-style: solid !important;border-top-color: #ffffff !important;border-top-style: solid !important;border-bottom-color: #ffffff !important;border-bottom-style: solid !important;border-radius: 2px !important;}&#8221;][\/vc_column][\/vc_row]","protected":false},"excerpt":{"rendered":"<p>[vc_row content_placement=&#8221;middle&#8221; css=&#8221;.vc_custom_1570180228929{padding-top: 0px !important;padding-right: 0px !important;padding-bottom: 0px !important;padding-left: 0px !important;}&#8221;][vc_column width=&#8221;1\/4&#8243;][\/vc_column][vc_column width=&#8221;1\/2&#8243;][vc_column_text css=&#8221;.vc_custom_1678950807168{padding-top: 10px !important;padding-right: 10px !important;padding-bottom: 10px !important;padding-left: 10px !important;background-color: #e6eeef !important;border-radius: 1px !important;}&#8221;] R\u00e9inventer l&#8217;offre autour de l&#8217;\u00e9veil musical La marque NINA &amp; MILES a vu le jour en 2020. Le clin d\u2019\u0153il est l\u00e0 : le<\/p>","protected":false},"author":1,"featured_media":0,"parent":0,"menu_order":0,"comment_status":"closed","ping_status":"closed","template":"","meta":[],"yoast_head":"<!-- This site is optimized with the Yoast SEO plugin v14.9 - https:\/\/yoast.com\/wordpress\/plugins\/seo\/ -->\n<title>Notre histoire - NINA &amp; MILES<\/title>\n<meta name=\"robots\" content=\"index, follow, max-snippet:-1, max-image-preview:large, max-video-preview:-1\" \/>\n<link rel=\"canonical\" href=\"http:\/\/nina-miles.com\/en\/notre-histoire\/\" \/>\n<meta property=\"og:locale\" content=\"en_US\" \/>\n<meta property=\"og:type\" content=\"article\" \/>\n<meta property=\"og:title\" content=\"Notre histoire - NINA &amp; MILES\" \/>\n<meta property=\"og:description\" content=\"[vc_row content_placement=&#8221;middle&#8221; css=&#8221;.vc_custom_1570180228929{padding-top: 0px !important;padding-right: 0px !important;padding-bottom: 0px !important;padding-left: 0px !important;}&#8221;][vc_column width=&#8221;1\/4&#8243;][\/vc_column][vc_column width=&#8221;1\/2&#8243;][vc_column_text css=&#8221;.vc_custom_1678950807168{padding-top: 10px !important;padding-right: 10px !important;padding-bottom: 10px !important;padding-left: 10px !important;background-color: #e6eeef !important;border-radius: 1px !important;}&#8221;] R\u00e9inventer l&#8217;offre autour de l&#8217;\u00e9veil musical La marque NINA &amp; MILES a vu le jour en 2020. Le clin d\u2019\u0153il est l\u00e0 : le\" \/>\n<meta property=\"og:url\" content=\"http:\/\/nina-miles.com\/en\/notre-histoire\/\" \/>\n<meta property=\"og:site_name\" content=\"NINA &amp; MILES\" \/>\n<meta property=\"article:modified_time\" content=\"2024-07-22T20:12:13+00:00\" \/>\n<meta name=\"twitter:card\" content=\"summary_large_image\" \/>\n<script type=\"application\/ld+json\" class=\"yoast-schema-graph\">{\"@context\":\"https:\/\/schema.org\",\"@graph\":[{\"@type\":\"WebSite\",\"@id\":\"http:\/\/nina-miles.com\/en\/#website\",\"url\":\"http:\/\/nina-miles.com\/en\/\",\"name\":\"NINA &amp; MILES\",\"description\":\"La gamme musicale \\u00e9co-responsable | Fabrication fran\\u00e7aise\",\"potentialAction\":[{\"@type\":\"SearchAction\",\"target\":\"http:\/\/nina-miles.com\/en\/?s={search_term_string}\",\"query-input\":\"required name=search_term_string\"}],\"inLanguage\":\"en-US\"},{\"@type\":\"WebPage\",\"@id\":\"https:\/\/nina-miles.com\/notre-histoire\/#webpage\",\"url\":\"https:\/\/nina-miles.com\/notre-histoire\/\",\"name\":\"Notre histoire - NINA &amp; MILES\",\"isPartOf\":{\"@id\":\"http:\/\/nina-miles.com\/en\/#website\"},\"datePublished\":\"2019-03-14T13:26:48+00:00\",\"dateModified\":\"2024-07-22T20:12:13+00:00\",\"inLanguage\":\"en-US\",\"potentialAction\":[{\"@type\":\"ReadAction\",\"target\":[\"https:\/\/nina-miles.com\/notre-histoire\/\"]}]}]}<\/script>\n<!-- \/ Yoast SEO plugin. -->","_links":{"self":[{"href":"http:\/\/nina-miles.com\/en\/wp-json\/wp\/v2\/pages\/29"}],"collection":[{"href":"http:\/\/nina-miles.com\/en\/wp-json\/wp\/v2\/pages"}],"about":[{"href":"http:\/\/nina-miles.com\/en\/wp-json\/wp\/v2\/types\/page"}],"author":[{"embeddable":true,"href":"http:\/\/nina-miles.com\/en\/wp-json\/wp\/v2\/users\/1"}],"replies":[{"embeddable":true,"href":"http:\/\/nina-miles.com\/en\/wp-json\/wp\/v2\/comments?post=29"}],"version-history":[{"count":142,"href":"http:\/\/nina-miles.com\/en\/wp-json\/wp\/v2\/pages\/29\/revisions"}],"predecessor-version":[{"id":7998,"href":"http:\/\/nina-miles.com\/en\/wp-json\/wp\/v2\/pages\/29\/revisions\/7998"}],"wp:attachment":[{"href":"http:\/\/nina-miles.com\/en\/wp-json\/wp\/v2\/media?parent=29"}],"curies":[{"name":"wp","href":"https:\/\/api.w.org\/{rel}","templated":true}]}}