{"id":3024,"date":"2019-07-17T14:45:02","date_gmt":"2019-07-17T12:45:02","guid":{"rendered":"http:\/\/nina-miles.com\/?page_id=3024"},"modified":"2020-08-14T23:44:45","modified_gmt":"2020-08-14T21:44:45","slug":"inspirations-pedagogiques","status":"publish","type":"page","link":"http:\/\/nina-miles.com\/en\/inspirations-pedagogiques\/","title":{"rendered":"Educational inspirations"},"content":{"rendered":"[vc_row][vc_column][vc_text_separator title=&#8221;La philosophie Montessori&#8221; i_type=&#8221;material&#8221; i_icon_material=&#8221;vc-material vc-material-face&#8221; i_color=&#8221;black&#8221; i_size=&#8221;sm&#8221; css_animation=&#8221;none&#8221; add_icon=&#8221;true&#8221;][vc_column_text css_animation=&#8221;none&#8221; css=&#8221;.vc_custom_1597440757127{padding-top: 40px !important;padding-right: 40px !important;padding-bottom: 40px !important;padding-left: 40px !important;background-color: #e8e8e8 !important;}&#8221;]\n<p style=\"text-align: center;\"><span style=\"font-size: 18pt; color: #74a1aa;\">Our objects have an added educational value<\/span><\/p>\n<p style=\"text-align: center;\"><span style=\"color: #333333; font-size: 14pt;\">When designing our objects, we are inspired by several pedagogies including Montessori. Specially designed to accompany children in their first sound explorations, our creations are <\/span><span style=\"color: #333333; font-size: 14pt;\">100% musical and they are different from toys. With clean design, they are beautiful to look at but there is more to it ! Their design and shape have been specially studied so that the child can fully focus his attention on the sound.<\/span><\/p>\n[\/vc_column_text][\/vc_column][\/vc_row][vc_row css=&#8221;.vc_custom_1569873310106{padding-top: 0px !important;padding-right: 0px !important;padding-bottom: 0px !important;padding-left: 0px !important;background-color: #ffffff !important;border-radius: 15px !important;}&#8221;][vc_column width=&#8221;1\/4&#8243;][vc_column_text css_animation=&#8221;none&#8221;]\n<h2 style=\"text-align: center;\"><img decoding=\"async\" loading=\"lazy\" class=\"alignnone size-full wp-image-4350\" src=\"http:\/\/nina-miles.com\/wp-content\/uploads\/2019\/07\/icon-mat\u00e9riel-qualit\u00e9.jpg\" alt=\"\" width=\"69\" height=\"62\" \/><\/h2>\n<h2 style=\"text-align: center;\">Natural and quality material<\/h2>\n<p style=\"text-align: center;\"><span style=\"color: #333333; font-size: 12pt;\">Our objects are made by an artisan wood turner and that's why they have very beautiful finishes. They are made of natural, untreated French beech wood. This light wood presents variations in colour and grain, which means that each item is made of a natural material. <\/span><span style=\"color: #333333; font-size: 12pt;\">Each one of our pieces is unique. <\/span><span style=\"color: #333333; font-size: 12pt;\">What's more, handling the wood, this smooth, natural material, is a soothing sensory experience.<\/span><\/p>\n[\/vc_column_text][\/vc_column][vc_column width=&#8221;1\/2&#8243;][vc_column_text css_animation=&#8221;none&#8221;]\n<h2 style=\"text-align: center;\"><span style=\"color: #333333;\"><img decoding=\"async\" loading=\"lazy\" class=\"alignnone wp-image-4349\" src=\"http:\/\/nina-miles.com\/wp-content\/uploads\/2019\/07\/icon-mat\u00e9riel-esth\u00e9tique.jpg\" alt=\"\" width=\"69\" height=\"65\" \/><\/span><\/h2>\n<h2 style=\"text-align: center;\"><span style=\"color: #333333;\">An aesthetic material<\/span><\/h2>\n<p style=\"text-align: center;\"><span style=\"font-size: 12pt; color: #333333;\">We attach great importance to the harmony of colours and shapes. Our design is contemporary, sober and even minimalist because we believe that children are entitled to something real, authentic and beautiful. Thus, we voluntarily ban animal shapes and multi-coloured decorations. There is no need to embellish when music is already sufficiently seductive !<\/span><\/p>\n[\/vc_column_text][vc_single_image image=&#8221;4316&#8243; img_size=&#8221;large&#8221; alignment=&#8221;center&#8221; css_animation=&#8221;none&#8221;][\/vc_column][vc_column width=&#8221;1\/4&#8243;][vc_column_text css_animation=&#8221;none&#8221;]\n<h2 style=\"text-align: center;\"><span style=\"color: #333333;\"><img decoding=\"async\" loading=\"lazy\" class=\"alignnone wp-image-4348\" src=\"http:\/\/nina-miles.com\/wp-content\/uploads\/2019\/07\/icon-une-difficult\u00e9-\u00e0-la-fois.jpg\" alt=\"\" width=\"69\" height=\"64\" \/><\/span><\/h2>\n<h2 style=\"text-align: center;\"><span style=\"color: #333333;\">&#8220;Une difficult\u00e9 \u00e0 la fois&#8221;<\/span><\/h2>\n<p style=\"text-align: center;\"><span style=\"color: #333333; font-size: 12pt;\">We have adopted this famous Montessori criterion which teaches us to isolate one difficulty at a time. When we create our objects, we opt for simple and pure shapes so that the child can focus entirely on the sound. The <a href=\"http:\/\/nina-miles.com\/en\/index.php\/collection\/\">sound ball<\/a> goes even further. Available in several patches, it stimulates the child's fine ear.<\/span><\/p>\n[\/vc_column_text][\/vc_column][\/vc_row][vc_row][vc_column][vc_text_separator title=&#8221;Les p\u00e9dagogies musicales actives&#8221; i_icon_fontawesome=&#8221;fa fa-music&#8221; i_color=&#8221;custom&#8221; i_size=&#8221;sm&#8221; css_animation=&#8221;none&#8221; add_icon=&#8221;true&#8221; i_custom_color=&#8221;#757575&#8243;][vc_column_text css_animation=&#8221;none&#8221; css=&#8221;.vc_custom_1597440819006{padding-top: 40px !important;padding-right: 40px !important;padding-bottom: 40px !important;padding-left: 40px !important;background-color: #e6eeef !important;}&#8221;]\n<h2 style=\"text-align: center;\"><span style=\"font-size: 14pt; color: #74a1aa;\">We have trained in several active musical pedagogies and we draw on all our knowledge.<\/span><\/h2>\n<p style=\"text-align: center;\"><span style=\"font-size: 12pt; color: #333333;\">Active musical pedagogies such as Dalcroze, Willems, Kodaly, ... are for us not only a source of inspiration but they also constitute a real added pedagogical value for our creations.<em>.<\/em> Our range will be enriched progressively.<\/span><\/p>\n<p><img decoding=\"async\" loading=\"lazy\" class=\"aligncenter size-full wp-image-4454\" src=\"http:\/\/nina-miles.com\/wp-content\/uploads\/2019\/09\/bebe-tambour.jpg\" alt=\"\" width=\"259\" height=\"194\" srcset=\"https:\/\/nina-miles.com\/wp-content\/uploads\/2019\/09\/bebe-tambour.jpg 259w, https:\/\/nina-miles.com\/wp-content\/uploads\/2019\/09\/bebe-tambour-150x112.jpg 150w\" sizes=\"(max-width: 259px) 100vw, 259px\" \/><\/p>\n<p><span style=\"font-size: 14pt;\"><!-- \/wp:paragraph --><\/span>[\/vc_column_text][vc_text_separator title=&#8221;Le saviez-vous ?&#8221; i_icon_fontawesome=&#8221;fa fa-info-circle&#8221; i_color=&#8221;custom&#8221; i_size=&#8221;sm&#8221; css_animation=&#8221;none&#8221; add_icon=&#8221;true&#8221; i_custom_color=&#8221;#757575&#8243;][vc_column_text css_animation=&#8221;none&#8221; css=&#8221;.vc_custom_1597441481975{border-top-width: 1px !important;border-right-width: 1px !important;border-bottom-width: 1px !important;border-left-width: 1px !important;padding-top: 20px !important;padding-right: 20px !important;padding-bottom: 20px !important;padding-left: 20px !important;background-color: #ffffff !important;border-left-color: #ffffff !important;border-left-style: dotted !important;border-right-color: #ffffff !important;border-right-style: dotted !important;border-top-color: #ffffff !important;border-top-style: dotted !important;border-bottom-color: #ffffff !important;border-bottom-style: dotted !important;border-radius: 1px !important;}&#8221;]\n<h2 style=\"text-align: center;\"><span style=\"font-size: 14pt; color: #74a1aa;\">A child's musical development depends very much on his or her environment.<\/span><\/h2>\n<p style=\"text-align: center;\"><span style=\"color: #333333;\"><span style=\"font-size: 12pt;\">Innate musicality is very visible in toddlers. Musical skills such as a sense of rhythm, improvisation or singing are still very present. <\/span><span style=\"font-size: 12pt;\">A baby who has fun typing with a spoon on the table, a toddler who starts dancing from the first notes of music, a child who sits spontaneously behind a piano and starts playing or singing when he feels like it,...<\/span><\/span><\/p>\n<p style=\"text-align: center;\"><span style=\"color: #333333; font-size: 12pt;\">If we look closely at children, we see that they multiply sound experiments by exploring sound and musical gesture, however primitive they may seem. In fact, toddlers express themselves through music and are eager to be stimulated and then share this pleasure!\u00a0<\/span><\/p>\n<p style=\"text-align: center;\"><span style=\"color: #333333; font-size: 14pt;\">Providing children with sound objects or musical instruments, singing and dancing, making them listen to different styles of music,... all these elements strongly contribute to their musical development!<\/span><\/p>\n[\/vc_column_text][\/vc_column][\/vc_row]","protected":false},"excerpt":{"rendered":"<p>[vc_row][vc_column][vc_text_separator title=&#8221;La philosophie Montessori&#8221; i_type=&#8221;material&#8221; i_icon_material=&#8221;vc-material vc-material-face&#8221; i_color=&#8221;black&#8221; i_size=&#8221;sm&#8221; css_animation=&#8221;none&#8221; add_icon=&#8221;true&#8221;][vc_column_text css_animation=&#8221;none&#8221; css=&#8221;.vc_custom_1597440757127{padding-top: 40px !important;padding-right: 40px !important;padding-bottom: 40px !important;padding-left: 40px !important;background-color: #e8e8e8 !important;}&#8221;] Nos objets ont une valeur p\u00e9dagogique ajout\u00e9e Lors de la conception de nos objets, nous nous inspirons de plusieurs p\u00e9dagogies dont Montessori. Sp\u00e9cialement con\u00e7ues pour accompagner les<\/p>","protected":false},"author":1,"featured_media":0,"parent":0,"menu_order":0,"comment_status":"closed","ping_status":"closed","template":"","meta":[],"yoast_head":"<!-- This site is optimized with the Yoast SEO plugin v14.9 - https:\/\/yoast.com\/wordpress\/plugins\/seo\/ -->\n<title>Inspirations p\u00e9dagogiques - NINA &amp; MILES<\/title>\n<meta name=\"robots\" content=\"index, follow, max-snippet:-1, max-image-preview:large, max-video-preview:-1\" \/>\n<link rel=\"canonical\" href=\"http:\/\/nina-miles.com\/en\/inspirations-pedagogiques\/\" \/>\n<meta property=\"og:locale\" content=\"en_US\" \/>\n<meta property=\"og:type\" content=\"article\" \/>\n<meta property=\"og:title\" content=\"Inspirations p\u00e9dagogiques - NINA &amp; MILES\" \/>\n<meta property=\"og:description\" content=\"[vc_row][vc_column][vc_text_separator title=&#8221;La philosophie Montessori&#8221; i_type=&#8221;material&#8221; i_icon_material=&#8221;vc-material vc-material-face&#8221; i_color=&#8221;black&#8221; i_size=&#8221;sm&#8221; css_animation=&#8221;none&#8221; add_icon=&#8221;true&#8221;][vc_column_text css_animation=&#8221;none&#8221; css=&#8221;.vc_custom_1597440757127{padding-top: 40px !important;padding-right: 40px !important;padding-bottom: 40px !important;padding-left: 40px !important;background-color: #e8e8e8 !important;}&#8221;] Nos objets ont une valeur p\u00e9dagogique ajout\u00e9e Lors de la conception de nos objets, nous nous inspirons de plusieurs p\u00e9dagogies dont Montessori. Sp\u00e9cialement con\u00e7ues pour accompagner les\" \/>\n<meta property=\"og:url\" content=\"http:\/\/nina-miles.com\/en\/inspirations-pedagogiques\/\" \/>\n<meta property=\"og:site_name\" content=\"NINA &amp; MILES\" \/>\n<meta property=\"article:modified_time\" content=\"2020-08-14T21:44:45+00:00\" \/>\n<meta property=\"og:image\" content=\"http:\/\/nina-miles.com\/wp-content\/uploads\/2019\/07\/icon-mat\u00e9riel-qualit\u00e9.jpg\" \/>\n<meta name=\"twitter:card\" content=\"summary_large_image\" \/>\n<script type=\"application\/ld+json\" class=\"yoast-schema-graph\">{\"@context\":\"https:\/\/schema.org\",\"@graph\":[{\"@type\":\"WebSite\",\"@id\":\"http:\/\/nina-miles.com\/en\/#website\",\"url\":\"http:\/\/nina-miles.com\/en\/\",\"name\":\"NINA &amp; MILES\",\"description\":\"La gamme musicale \\u00e9co-responsable | Fabrication fran\\u00e7aise\",\"potentialAction\":[{\"@type\":\"SearchAction\",\"target\":\"http:\/\/nina-miles.com\/en\/?s={search_term_string}\",\"query-input\":\"required name=search_term_string\"}],\"inLanguage\":\"en-US\"},{\"@type\":\"ImageObject\",\"@id\":\"http:\/\/nina-miles.com\/inspirations-pedagogiques\/#primaryimage\",\"inLanguage\":\"en-US\",\"url\":\"https:\/\/nina-miles.com\/wp-content\/uploads\/2019\/07\/icon-mat\\u00e9riel-qualit\\u00e9.jpg\",\"width\":69,\"height\":62},{\"@type\":\"WebPage\",\"@id\":\"http:\/\/nina-miles.com\/inspirations-pedagogiques\/#webpage\",\"url\":\"http:\/\/nina-miles.com\/inspirations-pedagogiques\/\",\"name\":\"Inspirations p\\u00e9dagogiques - NINA &amp; MILES\",\"isPartOf\":{\"@id\":\"http:\/\/nina-miles.com\/en\/#website\"},\"primaryImageOfPage\":{\"@id\":\"http:\/\/nina-miles.com\/inspirations-pedagogiques\/#primaryimage\"},\"datePublished\":\"2019-07-17T12:45:02+00:00\",\"dateModified\":\"2020-08-14T21:44:45+00:00\",\"inLanguage\":\"en-US\",\"potentialAction\":[{\"@type\":\"ReadAction\",\"target\":[\"http:\/\/nina-miles.com\/inspirations-pedagogiques\/\"]}]}]}<\/script>\n<!-- \/ Yoast SEO plugin. -->","_links":{"self":[{"href":"http:\/\/nina-miles.com\/en\/wp-json\/wp\/v2\/pages\/3024"}],"collection":[{"href":"http:\/\/nina-miles.com\/en\/wp-json\/wp\/v2\/pages"}],"about":[{"href":"http:\/\/nina-miles.com\/en\/wp-json\/wp\/v2\/types\/page"}],"author":[{"embeddable":true,"href":"http:\/\/nina-miles.com\/en\/wp-json\/wp\/v2\/users\/1"}],"replies":[{"embeddable":true,"href":"http:\/\/nina-miles.com\/en\/wp-json\/wp\/v2\/comments?post=3024"}],"version-history":[{"count":43,"href":"http:\/\/nina-miles.com\/en\/wp-json\/wp\/v2\/pages\/3024\/revisions"}],"predecessor-version":[{"id":5925,"href":"http:\/\/nina-miles.com\/en\/wp-json\/wp\/v2\/pages\/3024\/revisions\/5925"}],"wp:attachment":[{"href":"http:\/\/nina-miles.com\/en\/wp-json\/wp\/v2\/media?parent=3024"}],"curies":[{"name":"wp","href":"https:\/\/api.w.org\/{rel}","templated":true}]}}