{"id":3124,"date":"2019-07-18T20:31:00","date_gmt":"2019-07-18T18:31:00","guid":{"rendered":"http:\/\/nina-miles.com\/?page_id=3124"},"modified":"2025-05-18T13:50:16","modified_gmt":"2025-05-18T11:50:16","slug":"points-de-vente","status":"publish","type":"page","link":"http:\/\/nina-miles.com\/en\/points-de-vente\/","title":{"rendered":"Sales points"},"content":{"rendered":"[vc_row][vc_column][vc_text_separator title=&#8221;NOS BOUTIQUES PARTENAIRES (BOUTIQUES EN LIGNE &#038; BOUTIQUES PHYSIQUES)&#8221;][vc_column_text]\n<p style=\"text-align: center;\"><span style=\"color: #008080; font-size: 12pt;\">(List updated regularly) :<\/span><\/p>\n<p><strong>FRANCE :<\/strong><\/p>\n<ul style=\"list-style-type: square;\">\n<li><a href=\"http:\/\/ausondesgrillons.com\/\" target=\"_blank\" rel=\"noopener noreferrer\">AU SON DES GRILLONS<\/a><\/li>\n<li><a href=\"https:\/\/www.arpeges-partitions.com\/\" target=\"_blank\" rel=\"noopener\">ARPEGES PARTITIONS<\/a><\/li>\n<li><a href=\"https:\/\/www.bebeinedit.fr\/\" target=\"_blank\" rel=\"noopener\">BEBE INEDIT<\/a><\/li>\n<li><a href=\"https:\/\/www.berceaumagique.com\/\" target=\"_blank\" rel=\"noopener noreferrer\">BERCEAU MAGIQUE<\/a><\/li>\n<li><a href=\"https:\/\/www.instagram.com\/berlicoti\/\" target=\"_blank\" rel=\"noopener noreferrer\">BERLICOTI<\/a><\/li>\n<li><a href=\"https:\/\/berlingotte.fr\/fr\/\" target=\"_blank\" rel=\"noopener noreferrer\">BERLINGOTTE<\/a><\/li>\n<li><a href=\"https:\/\/www.chouchous.fr\/\" target=\"_blank\" rel=\"noopener noreferrer\">CHOUCHOUS<\/a><\/li>\n<li><a href=\"https:\/\/chouquetteetcompagnie.fr\/\" target=\"_blank\" rel=\"noopener\">CHOUQUETTE ET COMPAGNIE<\/a><\/li>\n<li><a href=\"https:\/\/www.chouquette-et-pepin.fr\/\" target=\"_blank\" rel=\"noopener\">CHOUQUETTE ET PEPIN<\/a><\/li>\n<li><a href=\"https:\/\/www.cultura.com\/search\/results?search_query=Nina%20%26%20Miles&amp;category_id=20061\" target=\"_blank\" rel=\"noopener\">CULTURA (108 magasins en France)<\/a><\/li>\n<li><a href=\"https:\/\/disnoel.fr\/\" target=\"_blank\" rel=\"noopener\">DISNO\u00cbL<\/a><\/li>\n<li><a href=\"https:\/\/emeu-kidstore.com\/\" target=\"_blank\" rel=\"noopener noreferrer\">EMEU KIDSTORE ECO-RESPONSABLE<\/a><\/li>\n<li><a href=\"https:\/\/frenchcanailles.com\/\">FRENCH CANNAILLES<\/a><\/li>\n<li><a href=\"https:\/\/www.fuzeau.com\/\" target=\"_blank\" rel=\"noopener\">FUZEAU<\/a><\/li>\n<li><a href=\"https:\/\/iletaitunjour.fr\/\" target=\"_blank\" rel=\"noopener\">IL ETAIT UN JOUR<\/a><\/li>\n<li><a href=\"http:\/\/www.jeujouethique.com\" target=\"_blank\" rel=\"noopener noreferrer\">JEUJOUETHIQUE<\/a><\/li>\n<li><a href=\"https:\/\/www.judythefox.com\/\" target=\"_blank\" rel=\"noopener noreferrer\">JUDY THE FOX<\/a><\/li>\n<li><a href=\"https:\/\/kidsbourg.com\/\" target=\"_blank\" rel=\"noopener noreferrer\">KIDSBOURG<\/a><\/li>\n<li><a href=\"https:\/\/www.labelfrancecluny.fr\" target=\"_blank\" rel=\"noopener noreferrer\">LA BEL&#8217;FRANCE<\/a><\/li>\n<li><a href=\"http:\/\/lafeecaseine.fr\/\" target=\"_blank\" rel=\"noopener noreferrer\">LA FEE CASE\u00cfNE<\/a><\/li>\n<li><a href=\"https:\/\/lpm89.com\/\" target=\"_blank\" rel=\"noopener\">LA PETITE MARCHANDE<\/a><\/li>\n<li><a href=\"https:\/\/leballutin.fr\/\" target=\"_blank\" rel=\"noopener\">LE BALLUTIN<\/a><\/li>\n<li><a href=\"https:\/\/lecoffreauxmerveilles.fr\/\" target=\"_blank\" rel=\"noopener noreferrer\">LE COFFRE AUX MERVEILLES<\/a><\/li>\n<li><a href=\"https:\/\/lemysteredesjeux.com\/\" target=\"_blank\" rel=\"noopener\">LE MYSTERE DES JEUX<\/a><\/li>\n<li><a href=\"https:\/\/www.levestiairedejeanne.com\/\" target=\"_blank\" rel=\"noopener\">LE VESTIAIRE DE JEANNE<\/a><\/li>\n<li><a href=\"https:\/\/www.lembrassecoeur.fr\/\" target=\"_blank\" rel=\"noopener\">L&#8217;EMBRASSE COEUR<\/a><\/li>\n<li><a href=\"https:\/\/www.lepeedebois.fr\/\" target=\"_blank\" rel=\"noopener\">L&#8217;\u00c9P\u00c9E DE BOIS<\/a><\/li>\n<li><a href=\"https:\/\/www.lescapricesdeluna.com\/\" target=\"_blank\" rel=\"noopener\">LES CAPRICES DE LUNA<\/a><\/li>\n<li><a href=\"https:\/\/www.lesmerveillesdenoah.fr\/\" target=\"_blank\" rel=\"noopener noreferrer\">LES MERVEILLES DE NOAH<\/a><\/li>\n<li><a href=\"http:\/\/www.lemom.fr\" target=\"_blank\" rel=\"noopener noreferrer\">LEMOM FAMILYSTORE<\/a><\/li>\n<li><a href=\"https:\/\/lepestacledemaelou.com\/\" target=\"_blank\" rel=\"noopener\">LE PESTACLE DE MA\u00cbLOU<\/a><\/li>\n<li><a href=\"https:\/\/www.lespetitsamours.fr\/\" target=\"_blank\" rel=\"noopener noreferrer\">LES PETITS AMOURS<\/a><\/li>\n<li><a href=\"https:\/\/www.instagram.com\/lespetitslesgrands\/\" target=\"_blank\" rel=\"noopener\">LES PETITS LES GRANDS<\/a><\/li>\n<li><a href=\"https:\/\/lespetitsmomes.com\/\" target=\"_blank\" rel=\"noopener\">LES PETITS MOMES<\/a><\/li>\n<li><a href=\"https:\/\/www.lespetitsraffineurs.com\/\" target=\"_blank\" rel=\"noopener noreferrer\">LES PETITS RAFFINEURS<\/a><\/li>\n<li><a href=\"https:\/\/www.racinesidalina.com\" target=\"_blank\" rel=\"noopener noreferrer\">LES RACINES D&#8217;IDALINA<\/a><\/li>\n<li><a href=\"https:\/\/www.lieblings-paris.com\/\" target=\"_blank\" rel=\"noopener noreferrer\">LIEBLINGS<\/a><\/li>\n<li><a href=\"https:\/\/www.instagram.com\/lileaubois\/\" target=\"_blank\" rel=\"noopener noreferrer\">L&#8217;\u00ceLE AU BOIS<\/a><\/li>\n<li><a href=\"https:\/\/www.little-home.fr\/index.cfm\" target=\"_blank\" rel=\"noopener noreferrer\">LITTLE HOME<\/a><\/li>\n<li><a href=\"https:\/\/lovitsoo.com\/\" target=\"_blank\" rel=\"noopener noreferrer\">LOVITSOO<\/a><\/li>\n<li><a href=\"https:\/\/www.instagram.com\/ma.calinerie\/\" target=\"_blank\" rel=\"noopener\">MA CALINERIE<\/a><\/li>\n<li><a href=\"https:\/\/www.michelenoelle.com\/\" target=\"_blank\" rel=\"noopener noreferrer\">MICHELE ET NOELLE<\/a><\/li>\n<li><a href=\"https:\/\/www.minibouilles.com\/\" target=\"_blank\" rel=\"noopener noreferrer\">MINI BOUILLES<\/a><\/li>\n<li><a href=\"https:\/\/www.cosycausette.fr\/categorie\/kids\" target=\"_blank\" rel=\"noopener noreferrer\">MINI CAUSETTE<\/a><\/li>\n<li><a href=\"https:\/\/www.momedesbois.com\/\" target=\"_blank\" rel=\"noopener noreferrer\">MOME DES BOIS<\/a><\/li>\n<li><a href=\"https:\/\/www.instagram.com\/mon.petit.trousseau\/\" target=\"_blank\" rel=\"noopener noreferrer\">MON PETIT TROUSSEAU<\/a><\/li>\n<li><a href=\"https:\/\/www.instagram.com\/mychoupie.hossegor\/\" target=\"_blank\" rel=\"noopener\">MY CHOUPIE<\/a><\/li>\n<li><a href=\"https:\/\/www.novamom.fr\/\" target=\"_blank\" rel=\"noopener noreferrer\">NOVAMOM<\/a><\/li>\n<li><a href=\"https:\/\/www.instagram.com\/oscar_et_leon\/\" target=\"_blank\" rel=\"noopener noreferrer\">OSCAR ET LEON<\/a><\/li>\n<li><a href=\"https:\/\/www.petitleon.fr\/\" target=\"_blank\" rel=\"noopener noreferrer\">PETIT LEON<\/a><\/li>\n<li><a href=\"https:\/\/www.petitsioux.com\/\" target=\"_blank\" rel=\"noopener\">PETIT SIOUX<\/a><\/li>\n<li><a href=\"https:\/\/www.instagram.com\/polichinelle_family_store\/\" target=\"_blank\" rel=\"noopener\">POLICHINELLE<\/a><\/li>\n<li><a href=\"https:\/\/www.instagram.com\/pomponbulle.store\/\" target=\"_blank\" rel=\"noopener\">POMPONBULLE<\/a><\/li>\n<li><a href=\"https:\/\/www.popineconceptstore.com\/\" target=\"_blank\" rel=\"noopener\">POPINE CONCEPTSTORE<\/a><\/li>\n<li><a href=\"http:\/\/quartierfraise.com\" target=\"_blank\" rel=\"noopener\">QUARTIER FRAISE<\/a><\/li>\n<li><a href=\"https:\/\/www.rose-et-balthazar.fr\/\" target=\"_blank\" rel=\"noopener\">ROSE &amp; BALTHAZAR<\/a><\/li>\n<li><a href=\"http:\/\/www.tangrammontessori.com\" target=\"_blank\" rel=\"noopener noreferrer\">TANGRAM MONTESSORI<\/a><\/li>\n<li><a href=\"https:\/\/the-little-fox.fr\" target=\"_blank\" rel=\"noopener\">THE LITTLE FOX<\/a><\/li>\n<li><a href=\"https:\/\/trendylittle.fr\/\" target=\"_blank\" rel=\"noopener noreferrer\">TRENDY LITTLE<\/a><\/li>\n<li><a href=\"https:\/\/www.vanillecoton.fr\/\" target=\"_blank\" rel=\"noopener\">VANILLE COTON<\/a><\/li>\n<li><a href=\"https:\/\/www.instagram.com\/zazou_dijon\/\">ZAZOU<\/a><\/li>\n<\/ul>\n<p><strong>REUNION :<\/strong><\/p>\n<ul>\n<li><a href=\"http:\/\/www.bb-cocoon.re\" target=\"_blank\" rel=\"noopener noreferrer\">BB COCOON<\/a><\/li>\n<li><a href=\"https:\/\/ticazbebe.com\/\" target=\"_blank\" rel=\"noopener\">TI CAZ BEBE<\/a><\/li>\n<li><a href=\"https:\/\/www.vetelux-bebe.com\/\" target=\"_blank\" rel=\"noopener\">VETELUX<\/a><\/li>\n<\/ul>\n<p><strong>GERMANY :<\/strong><\/p>\n<ul style=\"list-style-type: disc;\">\n<li><a href=\"https:\/\/junaconcept.com\/\" target=\"_blank\" rel=\"noopener\">JUNA CONCEPT<\/a><\/li>\n<li><a href=\"https:\/\/kinderundkonsorten.com\/\">KINDER UND KONZORTEN<\/a><\/li>\n<li><a href=\"https:\/\/www.titiwu.de\/\" target=\"_blank\" rel=\"noopener\">TITIWU<\/a><\/li>\n<\/ul>\n<p><strong>AUSTRALIA :<\/strong><\/p>\n<ul>\n<li><a href=\"https:\/\/www.monkeypuzzletoys.com.au\/\" target=\"_blank\" rel=\"noopener noreferrer\">MONKEY PUZZLE TOYS<\/a><\/li>\n<\/ul>\n<p><strong>AUSTRIA :<\/strong><\/p>\n<ul>\n<li><a href=\"http:\/\/www.greenandgrow.at\" target=\"_blank\" rel=\"noopener\">GREEN AND GROW<\/a><\/li>\n<li><a href=\"http:\/\/propella.at\/\">PROPELLA<\/a><\/li>\n<\/ul>\n<p><strong>BELGIUM :<\/strong><\/p>\n<ul>\n<li><a href=\"https:\/\/www.instagram.com\/atelierabricot.be\/\" target=\"_blank\" rel=\"noopener\">ATELIER ABRICOT<\/a><\/li>\n<li><a href=\"https:\/\/www.cotontige.be\/\" target=\"_blank\" rel=\"noopener\">COTONTIGE<\/a><\/li>\n<li><a href=\"https:\/\/hetlandvanooit.be\/\" target=\"_blank\" rel=\"noopener noreferrer\">HET LAND VAN OOIT<\/a><\/li>\n<li><a href=\"https:\/\/www.rewinddesign.be\/\" target=\"_blank\" rel=\"noopener\">STUDIO PLAY \/ REWIND DESIGN<\/a><\/li>\n<\/ul>\n<p><strong>SPAIN :<\/strong><\/p>\n<ul>\n<li><a href=\"https:\/\/www.aupaorganics.com\/\" target=\"_blank\" rel=\"noopener\">AUPA ORGANICS<\/a><\/li>\n<li><a href=\"https:\/\/www.aupaliportabebes.com\/\" target=\"_blank\" rel=\"noopener noreferrer\">AUPALI<\/a><\/li>\n<li><a href=\"https:\/\/www.instagram.com\/behind_the_story_bcn\/\">BEHIND THE STORY<\/a><\/li>\n<li><a href=\"http:\/\/www.jugarijugar.com\/\" target=\"_blank\" rel=\"noopener noreferrer\">JUGAR I JUGAR<\/a><\/li>\n<li><a href=\"https:\/\/www.solsolete.es\/\" target=\"_blank\" rel=\"noopener noreferrer\">SOL SOLETE<\/a><\/li>\n<\/ul>\n<p><strong>GR\u00c8CE:<\/strong><\/p>\n<ul>\n<li><a href=\"https:\/\/ludusandyou.gr\/en\/\" target=\"_blank\" rel=\"noopener noreferrer\">LUDUS AND YOU<\/a><\/li>\n<\/ul>\n<p><strong>ITALY :<\/strong><\/p>\n<ul>\n<li><a href=\"https:\/\/www.pretabebetorino.com\/\" target=\"_blank\" rel=\"noopener noreferrer\">PRET-A-BEBE<\/a><\/li>\n<li><a href=\"http:\/\/binnichi.it\">BINNICHI<\/a><\/li>\n<\/ul>\n<p><strong>IRLAND :<\/strong><\/p>\n<ul>\n<li><a href=\"https:\/\/lestroisenfants.ie\/\" target=\"_blank\" rel=\"noopener\">LES TROIS ENFANTS<\/a><\/li>\n<li><a href=\"https:\/\/maypolelane.com\/\">MAYPOLE LANE<\/a><\/li>\n<\/ul>\n<p><strong>LUXEMBOURG :<\/strong><\/p>\n<ul>\n<li><a href=\"https:\/\/www.smart-babyshop.com\/\" target=\"_blank\" rel=\"noopener\">SMART BABY SHOP<\/a><\/li>\n<\/ul>\n<p><strong>SWITSERLAND :<\/strong><\/p>\n<ul>\n<li><a href=\"https:\/\/www.babycomeback.ch\/\" target=\"_blank\" rel=\"noopener\">BABY COME BACK<\/a><\/li>\n<li><a href=\"https:\/\/www.maman-bebe.ch\/\" target=\"_blank\" rel=\"noopener noreferrer\">MAMAN-BEBE.CH<\/a><\/li>\n<li><a href=\"http:\/\/www.nuagelausanne.ch\" target=\"_blank\" rel=\"noopener noreferrer\">NUAGE CONCEPT STORE<\/a><\/li>\n<li><a href=\"http:\/\/www.poulpito.ch\" target=\"_blank\" rel=\"noopener\">POULPITO<\/a><\/li>\n<li><a href=\"https:\/\/wolleli.ch\/\" target=\"_blank\" rel=\"noopener noreferrer\">WOLLELI<\/a><\/li>\n<\/ul>\n[\/vc_column_text][vc_text_separator title=&#8221;CARTE&#8221;][\/vc_column][\/vc_row][vc_row][vc_column width=&#8221;1\/2&#8243;][vc_column_text]<iframe loading=\"lazy\" src=\"https:\/\/www.google.com\/maps\/d\/u\/0\/embed?mid=1gNywtJSfqsLXabL7fE3vBjDqWRQQuZU&amp;ehbc=2E312F\" width=\"1200\" height=\"750\"><\/iframe>[\/vc_column_text][\/vc_column][vc_column width=&#8221;1\/2&#8243;][\/vc_column][\/vc_row][vc_row][vc_column][\/vc_column][\/vc_row]","protected":false},"excerpt":{"rendered":"<p>[vc_row][vc_column][vc_text_separator title=&#8221;NOS BOUTIQUES PARTENAIRES (BOUTIQUES EN LIGNE &#038; BOUTIQUES PHYSIQUES)&#8221;][vc_column_text] (Liste mise \u00e0 jour r\u00e9guli\u00e8rement) : FRANCE : AU SON DES GRILLONS ARPEGES PARTITIONS BEBE INEDIT BERCEAU MAGIQUE BERLICOTI BERLINGOTTE CHOUCHOUS CHOUQUETTE ET COMPAGNIE CHOUQUETTE ET PEPIN CULTURA (108 magasins en France) DISNO\u00cbL EMEU KIDSTORE ECO-RESPONSABLE FRENCH CANNAILLES FUZEAU IL<\/p>","protected":false},"author":1,"featured_media":0,"parent":0,"menu_order":0,"comment_status":"closed","ping_status":"closed","template":"","meta":[],"yoast_head":"<!-- This site is optimized with the Yoast SEO plugin v14.9 - https:\/\/yoast.com\/wordpress\/plugins\/seo\/ -->\n<title>Points de vente - NINA &amp; MILES<\/title>\n<meta name=\"robots\" content=\"index, follow, max-snippet:-1, max-image-preview:large, max-video-preview:-1\" \/>\n<link rel=\"canonical\" href=\"http:\/\/nina-miles.com\/en\/points-de-vente\/\" \/>\n<meta property=\"og:locale\" content=\"en_US\" \/>\n<meta property=\"og:type\" content=\"article\" \/>\n<meta property=\"og:title\" content=\"Points de vente - NINA &amp; MILES\" \/>\n<meta property=\"og:description\" content=\"[vc_row][vc_column][vc_text_separator title=&#8221;NOS BOUTIQUES PARTENAIRES (BOUTIQUES EN LIGNE &#038; BOUTIQUES PHYSIQUES)&#8221;][vc_column_text] (Liste mise \u00e0 jour r\u00e9guli\u00e8rement) : FRANCE : AU SON DES GRILLONS ARPEGES PARTITIONS BEBE INEDIT BERCEAU MAGIQUE BERLICOTI BERLINGOTTE CHOUCHOUS CHOUQUETTE ET COMPAGNIE CHOUQUETTE ET PEPIN CULTURA (108 magasins en France) DISNO\u00cbL EMEU KIDSTORE ECO-RESPONSABLE FRENCH CANNAILLES FUZEAU IL\" \/>\n<meta property=\"og:url\" content=\"http:\/\/nina-miles.com\/en\/points-de-vente\/\" \/>\n<meta property=\"og:site_name\" content=\"NINA &amp; MILES\" \/>\n<meta property=\"article:modified_time\" content=\"2025-05-18T11:50:16+00:00\" \/>\n<meta name=\"twitter:card\" content=\"summary_large_image\" \/>\n<script type=\"application\/ld+json\" class=\"yoast-schema-graph\">{\"@context\":\"https:\/\/schema.org\",\"@graph\":[{\"@type\":\"WebSite\",\"@id\":\"http:\/\/nina-miles.com\/en\/#website\",\"url\":\"http:\/\/nina-miles.com\/en\/\",\"name\":\"NINA &amp; MILES\",\"description\":\"La gamme musicale \\u00e9co-responsable | Fabrication fran\\u00e7aise\",\"potentialAction\":[{\"@type\":\"SearchAction\",\"target\":\"http:\/\/nina-miles.com\/en\/?s={search_term_string}\",\"query-input\":\"required name=search_term_string\"}],\"inLanguage\":\"en-US\"},{\"@type\":\"WebPage\",\"@id\":\"https:\/\/nina-miles.com\/points-de-vente\/#webpage\",\"url\":\"https:\/\/nina-miles.com\/points-de-vente\/\",\"name\":\"Points de vente - NINA &amp; MILES\",\"isPartOf\":{\"@id\":\"http:\/\/nina-miles.com\/en\/#website\"},\"datePublished\":\"2019-07-18T18:31:00+00:00\",\"dateModified\":\"2025-05-18T11:50:16+00:00\",\"inLanguage\":\"en-US\",\"potentialAction\":[{\"@type\":\"ReadAction\",\"target\":[\"https:\/\/nina-miles.com\/points-de-vente\/\"]}]}]}<\/script>\n<!-- \/ Yoast SEO plugin. -->","_links":{"self":[{"href":"http:\/\/nina-miles.com\/en\/wp-json\/wp\/v2\/pages\/3124"}],"collection":[{"href":"http:\/\/nina-miles.com\/en\/wp-json\/wp\/v2\/pages"}],"about":[{"href":"http:\/\/nina-miles.com\/en\/wp-json\/wp\/v2\/types\/page"}],"author":[{"embeddable":true,"href":"http:\/\/nina-miles.com\/en\/wp-json\/wp\/v2\/users\/1"}],"replies":[{"embeddable":true,"href":"http:\/\/nina-miles.com\/en\/wp-json\/wp\/v2\/comments?post=3124"}],"version-history":[{"count":161,"href":"http:\/\/nina-miles.com\/en\/wp-json\/wp\/v2\/pages\/3124\/revisions"}],"predecessor-version":[{"id":8017,"href":"http:\/\/nina-miles.com\/en\/wp-json\/wp\/v2\/pages\/3124\/revisions\/8017"}],"wp:attachment":[{"href":"http:\/\/nina-miles.com\/en\/wp-json\/wp\/v2\/media?parent=3124"}],"curies":[{"name":"wp","href":"https:\/\/api.w.org\/{rel}","templated":true}]}}