{"id":6590,"date":"2021-10-14T20:24:13","date_gmt":"2021-10-14T18:24:13","guid":{"rendered":"http:\/\/nina-miles.com\/?page_id=6590"},"modified":"2021-10-17T12:39:38","modified_gmt":"2021-10-17T10:39:38","slug":"bouilles-musicales","status":"publish","type":"page","link":"http:\/\/nina-miles.com\/en\/bouilles-musicales\/","title":{"rendered":"Bouilles musicales"},"content":{"rendered":"[vc_row][vc_column][vc_single_image image=&#8221;5683&#8243; img_size=&#8221;large&#8221; alignment=&#8221;center&#8221; style=&#8221;vc_box_border_circle&#8221;]\n<p style=\"text-align: center;\"><span style=\"font-family: 'arial black', sans-serif; font-size: 18pt; color: #993300;\"><span style=\"color: #800000;\">Participez avec votre tout-petit \u00e0 notre grand shooting qui sera organis\u00e9 \u00e0 Paris le 11 novembre entre 9h30 et 12h \u00e0<\/span> <a href=\"http:\/\/www.petiteforet.com\/\" target=\"_blank\" rel=\"noopener\">Petite For\u00eat<\/a><span style=\"color: #800000;\">, un magnifique lieu situ\u00e9 dans le 8\u00e8me arrondissement de Paris et remportez avec vous deux objets de votre choix (ou plut\u00f4t celui de votre b\u00e9b\u00e9) \ud83d\ude09 !<\/span><\/span><\/p>\n<p>&nbsp;<\/p>\n<p><span style=\"color: #333333; font-family: tahoma, arial, helvetica, sans-serif;\"><strong><span style=\"font-size: 14pt;\">Votre enfant a entre 3 mois et 24 mois ?\u00a0<\/span><\/strong><\/span><\/p>\n<p><span style=\"color: #333333; font-family: tahoma, arial, helvetica, sans-serif;\"><strong><span style=\"font-size: 14pt;\">Vous souhaitez participer et vous \u00eates (bien \u00e9videmment) d&#8217;accord pour qu&#8217;il fasse partie de nos #bouillesmusicales et qu&#8217;il devienne peut-\u00eatre l&#8217;une de nos \u00e9g\u00e9ries ?<\/span><\/strong><\/span><\/p>\n<p><span style=\"text-decoration: underline; font-size: 12pt; font-family: tahoma, arial, helvetica, sans-serif; color: #333333;\">Voici la d\u00e9marche \u00e0 suivre :<\/span><\/p>\n<div dir=\"ltr\">\n<ol>\n<li><span style=\"font-family: tahoma, arial, helvetica, sans-serif; font-size: 12pt; color: #333333;\">Remplissez d\u00e8s maintenant <strong><span style=\"color: #993300;\"><a style=\"color: #993300;\" href=\"https:\/\/docs.google.com\/forms\/d\/e\/1FAIpQLSf6_k3IKSmDZdDkRsUBcx54y8Q-q6CXN8sTl2u6aqqeDL3JsQ\/viewform?vc=0&amp;c=0&amp;w=1&amp;flr=0\" target=\"_blank\" rel=\"noopener\">le formulaire disponible ici.<\/a><\/span><\/strong><\/span><\/li>\n<li><span style=\"font-family: tahoma, arial, helvetica, sans-serif; font-size: 12pt; color: #333333;\">Apr\u00e8s r\u00e9ception de vos r\u00e9ponses, nous vous confirmons votre participation ainsi que votre cr\u00e9neau horaire. Vous recevrez \u00e9galement le formulaire &#8220;autorisation d&#8217;exploitation de droit \u00e0 l&#8217;image&#8221; que vous devez signer. En effet, celui-ci nous permettra de pouvoir utiliser les photos de votre enfant sur tous nos supports.<\/span><\/li>\n<li><span style=\"font-size: 12pt; font-family: tahoma, arial, helvetica, sans-serif; color: #333333;\">Apr\u00e8s le shooting, nous allons trier les photos. Nous nous r\u00e9servons bien \u00e9videmment le droit de choisir librement les images qui nous plaisent et celles qui correspondent au mieux \u00e0 notre identit\u00e9 visuelle. Ainsi, sachez que la participation \u00e0 notre shooting n&#8217;est pas forc\u00e9ment une garantie pour que le visage de votre enfant apparaisse dans nos outils de communication.<\/span><\/li>\n<li><span style=\"font-size: 12pt; font-family: tahoma, arial, helvetica, sans-serif; color: #333333;\">Nous enverrons <u>\u00e0 chaque participant<\/u> les plus belles photos de votre enfant par email (en haute d\u00e9finition).<\/span><\/li>\n<li><span style=\"font-size: 12pt; font-family: tahoma, arial, helvetica, sans-serif; color: #333333;\">Chaque participant partira avec <u>2 objets de son choix<\/u> d&#8217;une valeur totale d&#8217;environ 50 \u20ac.\u00a0<\/span><\/li>\n<\/ol>\n<\/div>\n<div dir=\"ltr\">\n<div>\n<p><span style=\"text-decoration: underline; font-family: tahoma, arial, helvetica, sans-serif; font-size: 12pt; color: #333333;\">Quelques informations pratiques et logistiques :<\/span><\/p>\n<ul>\n<li><span style=\"color: #333333; font-family: tahoma, arial, helvetica, sans-serif; font-size: 12pt;\">Date \/ Horaire : Jeudi 11 novembre entre 9h30 \u00e0 12h<\/span><\/li>\n<li><span style=\"color: #333333; font-family: tahoma, arial, helvetica, sans-serif; font-size: 12pt;\">Lieu : <a href=\"http:\/\/www.petiteforet.com\" target=\"_blank\" rel=\"noopener\">Petite For\u00eat<\/a>, 10 rue Laure Diebold, 75008 Paris<\/span><\/li>\n<li><span style=\"color: #333333; font-family: tahoma, arial, helvetica, sans-serif; font-size: 12pt;\">Nous pouvons accueillir 5 enfants par tranche d&#8217;environ 25min.<\/span><\/li>\n<li><span style=\"font-family: tahoma, arial, helvetica, sans-serif; font-size: 12pt; color: #333333;\">En cas de demandes trop nombreuses, nous appliquerons la r\u00e8gle du &#8220;premier arriv\u00e9, premier servi&#8221;.<\/span><\/li>\n<li><span style=\"font-family: tahoma, arial, helvetica, sans-serif; font-size: 12pt; color: #333333;\">En ce qui concerne le d\u00e9roulement du shooting : nous serons deux photographes, l&#8217;ambiance sera tr\u00e8s d\u00e9contract\u00e9e et conviviale. Nous allons mettre \u00e0 disposition de votre enfant quelques objets puis nous le laisserons les explorer et jouer avec. Il se peut que nous intervenions pour proposer un objet \u00e0 votre enfant mais nous pr\u00e9f\u00e9rons que tout se fasse le plus naturellement possible.<\/span><\/li>\n<li><span style=\"font-family: tahoma, arial, helvetica, sans-serif; font-size: 12pt; color: #333333;\">C&#8217;est vous qui d\u00e9cidez le temps que vous restez et \u00e7a sera, bien s\u00fbr, en fonction de l&#8217;humeur et des envies de votre b\u00e9b\u00e9.\u00a0 \u00a0<\/span><\/li>\n<\/ul>\n<\/div>\n<p>&nbsp;<\/p>\n<p><span style=\"font-family: tahoma, arial, helvetica, sans-serif; font-size: 12pt; color: #333333;\">Si vous avez des questions, n&#8217;h\u00e9sitez pas \u00e0 <a href=\"mailto:shooting@nina-miles.com\" target=\"_blank\" rel=\"noopener\">contact us\u00a0<\/a><\/span><\/p>\n<\/div>\n<p style=\"text-align: center;\"><span style=\"font-size: 18pt; font-family: impact, sans-serif; color: #993300;\"><span style=\"color: #800000;\">Nous remercions chaleureusement Laura et toute l&#8217;\u00e9quipe de<\/span> <a href=\"http:\/\/www.petiteforet.com\" target=\"_blank\" rel=\"noopener\">Petite For\u00eat<\/a> <\/span><\/p>\n<p style=\"text-align: center;\"><span style=\"font-size: 18pt; font-family: impact, sans-serif; color: #993300;\"><span style=\"color: #800000;\">pour l&#8217;accueil de notre \u00e9v\u00e9nement !<\/span><\/span><\/p>\n[vc_single_image image=&#8221;6638&#8243; img_size=&#8221;medium&#8221; alignment=&#8221;center&#8221; onclick=&#8221;custom_link&#8221; link=&#8221;http:\/\/www.petiteforet.com&#8221;][\/vc_column][\/vc_row]","protected":false},"excerpt":{"rendered":"<p>[vc_row][vc_column][vc_single_image image=&#8221;5683&#8243; img_size=&#8221;large&#8221; alignment=&#8221;center&#8221; style=&#8221;vc_box_border_circle&#8221;] Participez avec votre tout-petit \u00e0 notre grand shooting qui sera organis\u00e9 \u00e0 Paris le 11 novembre entre 9h30 et 12h \u00e0 Petite For\u00eat, un magnifique lieu situ\u00e9 dans le 8\u00e8me arrondissement de Paris et remportez avec vous deux objets de votre choix (ou plut\u00f4t celui<\/p>","protected":false},"author":1,"featured_media":0,"parent":0,"menu_order":0,"comment_status":"closed","ping_status":"closed","template":"","meta":[],"yoast_head":"<!-- This site is optimized with the Yoast SEO plugin v14.9 - https:\/\/yoast.com\/wordpress\/plugins\/seo\/ -->\n<title>Bouilles musicales - NINA &amp; MILES<\/title>\n<meta name=\"robots\" content=\"index, follow, max-snippet:-1, max-image-preview:large, max-video-preview:-1\" \/>\n<link rel=\"canonical\" href=\"http:\/\/nina-miles.com\/en\/bouilles-musicales\/\" \/>\n<meta property=\"og:locale\" content=\"en_US\" \/>\n<meta property=\"og:type\" content=\"article\" \/>\n<meta property=\"og:title\" content=\"Bouilles musicales - NINA &amp; MILES\" \/>\n<meta property=\"og:description\" content=\"[vc_row][vc_column][vc_single_image image=&#8221;5683&#8243; img_size=&#8221;large&#8221; alignment=&#8221;center&#8221; style=&#8221;vc_box_border_circle&#8221;] Participez avec votre tout-petit \u00e0 notre grand shooting qui sera organis\u00e9 \u00e0 Paris le 11 novembre entre 9h30 et 12h \u00e0 Petite For\u00eat, un magnifique lieu situ\u00e9 dans le 8\u00e8me arrondissement de Paris et remportez avec vous deux objets de votre choix (ou plut\u00f4t celui\" \/>\n<meta property=\"og:url\" content=\"http:\/\/nina-miles.com\/en\/bouilles-musicales\/\" \/>\n<meta property=\"og:site_name\" content=\"NINA &amp; MILES\" \/>\n<meta property=\"article:modified_time\" content=\"2021-10-17T10:39:38+00:00\" \/>\n<meta name=\"twitter:card\" content=\"summary_large_image\" \/>\n<script type=\"application\/ld+json\" class=\"yoast-schema-graph\">{\"@context\":\"https:\/\/schema.org\",\"@graph\":[{\"@type\":\"WebSite\",\"@id\":\"http:\/\/nina-miles.com\/en\/#website\",\"url\":\"http:\/\/nina-miles.com\/en\/\",\"name\":\"NINA &amp; MILES\",\"description\":\"La gamme musicale \\u00e9co-responsable | Fabrication fran\\u00e7aise\",\"potentialAction\":[{\"@type\":\"SearchAction\",\"target\":\"http:\/\/nina-miles.com\/en\/?s={search_term_string}\",\"query-input\":\"required name=search_term_string\"}],\"inLanguage\":\"en-US\"},{\"@type\":\"WebPage\",\"@id\":\"http:\/\/nina-miles.com\/bouilles-musicales\/#webpage\",\"url\":\"http:\/\/nina-miles.com\/bouilles-musicales\/\",\"name\":\"Bouilles musicales - NINA &amp; MILES\",\"isPartOf\":{\"@id\":\"http:\/\/nina-miles.com\/en\/#website\"},\"datePublished\":\"2021-10-14T18:24:13+00:00\",\"dateModified\":\"2021-10-17T10:39:38+00:00\",\"inLanguage\":\"en-US\",\"potentialAction\":[{\"@type\":\"ReadAction\",\"target\":[\"http:\/\/nina-miles.com\/bouilles-musicales\/\"]}]}]}<\/script>\n<!-- \/ Yoast SEO plugin. -->","_links":{"self":[{"href":"http:\/\/nina-miles.com\/en\/wp-json\/wp\/v2\/pages\/6590"}],"collection":[{"href":"http:\/\/nina-miles.com\/en\/wp-json\/wp\/v2\/pages"}],"about":[{"href":"http:\/\/nina-miles.com\/en\/wp-json\/wp\/v2\/types\/page"}],"author":[{"embeddable":true,"href":"http:\/\/nina-miles.com\/en\/wp-json\/wp\/v2\/users\/1"}],"replies":[{"embeddable":true,"href":"http:\/\/nina-miles.com\/en\/wp-json\/wp\/v2\/comments?post=6590"}],"version-history":[{"count":50,"href":"http:\/\/nina-miles.com\/en\/wp-json\/wp\/v2\/pages\/6590\/revisions"}],"predecessor-version":[{"id":6597,"href":"http:\/\/nina-miles.com\/en\/wp-json\/wp\/v2\/pages\/6590\/revisions\/6597"}],"wp:attachment":[{"href":"http:\/\/nina-miles.com\/en\/wp-json\/wp\/v2\/media?parent=6590"}],"curies":[{"name":"wp","href":"https:\/\/api.w.org\/{rel}","templated":true}]}}