{"id":7652,"date":"2023-07-04T16:51:44","date_gmt":"2023-07-04T14:51:44","guid":{"rendered":"https:\/\/nina-miles.com\/?page_id=7652"},"modified":"2024-02-08T12:07:07","modified_gmt":"2024-02-08T11:07:07","slug":"nos-partenaires","status":"publish","type":"page","link":"http:\/\/nina-miles.com\/en\/nos-partenaires\/","title":{"rendered":"Nos partenaires"},"content":{"rendered":"[vc_row][vc_column width=&#8221;1\/4&#8243;][\/vc_column][vc_column width=&#8221;2\/4&#8243;][vc_column_text]<span style=\"font-size: 14pt;\">Depuis novembre 2023, la distribution de nos objets dans les \u00e9tablissements scolaires (\u00e9coles maternelles et primaires, coll\u00e8ges, lyc\u00e9es), structures petite enfance (cr\u00e8ches, haltes-garderies,&#8230;), EHPAD, h\u00f4pitaux, \u00e9coles de musique,&#8230; est assur\u00e9e par l&#8217;entreprise <a href=\"https:\/\/www.fuzeau.com\/\" target=\"_blank\" rel=\"noopener\">FUZEAU.<\/a><\/span><\/p>\n<p>&nbsp;[\/vc_column_text][\/vc_column][vc_column width=&#8221;1\/4&#8243;][\/vc_column][\/vc_row]","protected":false},"excerpt":{"rendered":"<p>[vc_row][vc_column width=&#8221;1\/4&#8243;][\/vc_column][vc_column width=&#8221;2\/4&#8243;][vc_column_text]Depuis novembre 2023, la distribution de nos objets dans les \u00e9tablissements scolaires (\u00e9coles maternelles et primaires, coll\u00e8ges, lyc\u00e9es), structures petite enfance (cr\u00e8ches, haltes-garderies,&#8230;), EHPAD, h\u00f4pitaux, \u00e9coles de musique,&#8230; est assur\u00e9e par l&#8217;entreprise FUZEAU. &nbsp;[\/vc_column_text][\/vc_column][vc_column width=&#8221;1\/4&#8243;][\/vc_column][\/vc_row]<\/p>","protected":false},"author":1,"featured_media":0,"parent":0,"menu_order":0,"comment_status":"closed","ping_status":"closed","template":"","meta":[],"yoast_head":"<!-- This site is optimized with the Yoast SEO plugin v14.9 - https:\/\/yoast.com\/wordpress\/plugins\/seo\/ -->\n<title>Nos partenaires - NINA &amp; MILES<\/title>\n<meta name=\"robots\" content=\"index, follow, max-snippet:-1, max-image-preview:large, max-video-preview:-1\" \/>\n<link rel=\"canonical\" href=\"http:\/\/nina-miles.com\/en\/nos-partenaires\/\" \/>\n<meta property=\"og:locale\" content=\"en_US\" \/>\n<meta property=\"og:type\" content=\"article\" \/>\n<meta property=\"og:title\" content=\"Nos partenaires - NINA &amp; MILES\" \/>\n<meta property=\"og:description\" content=\"[vc_row][vc_column width=&#8221;1\/4&#8243;][\/vc_column][vc_column width=&#8221;2\/4&#8243;][vc_column_text]Depuis novembre 2023, la distribution de nos objets dans les \u00e9tablissements scolaires (\u00e9coles maternelles et primaires, coll\u00e8ges, lyc\u00e9es), structures petite enfance (cr\u00e8ches, haltes-garderies,&#8230;), EHPAD, h\u00f4pitaux, \u00e9coles de musique,&#8230; est assur\u00e9e par l&#8217;entreprise FUZEAU. &nbsp;[\/vc_column_text][\/vc_column][vc_column width=&#8221;1\/4&#8243;][\/vc_column][\/vc_row]\" \/>\n<meta property=\"og:url\" content=\"http:\/\/nina-miles.com\/en\/nos-partenaires\/\" \/>\n<meta property=\"og:site_name\" content=\"NINA &amp; MILES\" \/>\n<meta property=\"article:modified_time\" content=\"2024-02-08T11:07:07+00:00\" \/>\n<meta name=\"twitter:card\" content=\"summary_large_image\" \/>\n<script type=\"application\/ld+json\" class=\"yoast-schema-graph\">{\"@context\":\"https:\/\/schema.org\",\"@graph\":[{\"@type\":\"WebSite\",\"@id\":\"http:\/\/nina-miles.com\/en\/#website\",\"url\":\"http:\/\/nina-miles.com\/en\/\",\"name\":\"NINA &amp; MILES\",\"description\":\"La gamme musicale \\u00e9co-responsable | Fabrication fran\\u00e7aise\",\"potentialAction\":[{\"@type\":\"SearchAction\",\"target\":\"http:\/\/nina-miles.com\/en\/?s={search_term_string}\",\"query-input\":\"required name=search_term_string\"}],\"inLanguage\":\"en-US\"},{\"@type\":\"WebPage\",\"@id\":\"https:\/\/nina-miles.com\/nos-partenaires\/#webpage\",\"url\":\"https:\/\/nina-miles.com\/nos-partenaires\/\",\"name\":\"Nos partenaires - NINA &amp; MILES\",\"isPartOf\":{\"@id\":\"http:\/\/nina-miles.com\/en\/#website\"},\"datePublished\":\"2023-07-04T14:51:44+00:00\",\"dateModified\":\"2024-02-08T11:07:07+00:00\",\"inLanguage\":\"en-US\",\"potentialAction\":[{\"@type\":\"ReadAction\",\"target\":[\"https:\/\/nina-miles.com\/nos-partenaires\/\"]}]}]}<\/script>\n<!-- \/ Yoast SEO plugin. -->","_links":{"self":[{"href":"http:\/\/nina-miles.com\/en\/wp-json\/wp\/v2\/pages\/7652"}],"collection":[{"href":"http:\/\/nina-miles.com\/en\/wp-json\/wp\/v2\/pages"}],"about":[{"href":"http:\/\/nina-miles.com\/en\/wp-json\/wp\/v2\/types\/page"}],"author":[{"embeddable":true,"href":"http:\/\/nina-miles.com\/en\/wp-json\/wp\/v2\/users\/1"}],"replies":[{"embeddable":true,"href":"http:\/\/nina-miles.com\/en\/wp-json\/wp\/v2\/comments?post=7652"}],"version-history":[{"count":18,"href":"http:\/\/nina-miles.com\/en\/wp-json\/wp\/v2\/pages\/7652\/revisions"}],"predecessor-version":[{"id":7913,"href":"http:\/\/nina-miles.com\/en\/wp-json\/wp\/v2\/pages\/7652\/revisions\/7913"}],"wp:attachment":[{"href":"http:\/\/nina-miles.com\/en\/wp-json\/wp\/v2\/media?parent=7652"}],"curies":[{"name":"wp","href":"https:\/\/api.w.org\/{rel}","templated":true}]}}