{"id":5461,"date":"2020-11-15T11:50:36","date_gmt":"2020-11-15T10:50:36","guid":{"rendered":"http:\/\/nina-miles.com\/?post_type=product&#038;p=5461"},"modified":"2022-05-24T09:05:04","modified_gmt":"2022-05-24T07:05:04","slug":"mini-maracas-2","status":"publish","type":"product","link":"http:\/\/nina-miles.com\/en\/product\/mini-maracas-2\/","title":{"rendered":"Mini-maracas"},"content":{"rendered":"<p>Ref. : 0120MIMA<br \/>\nDimensions : \u00f8 43 mm x 70 mm<br \/>\nAge : \u00e0 partir de 5 mois<br \/>\nMaterials: Untreated beech wood from sustainably managed French forests - Filling: stainless steel balls (French manufacture)<br \/>\nFinish: sanded wood<br \/>\nWeight: 35 g<br \/>\nFabrication dans le Jura &#8211; Assemblage \u00e0 la main dans notre atelier \u00e0 Paris.<br \/>\nTested and CE certified (EN 71-1, EN 71-2, EN 71-3) by a French laboratory.<br \/>\nClean with a clean, damp cloth.<br \/>\nDesign : NINA & MILES (registered design)<\/p>\n<p><img decoding=\"async\" loading=\"lazy\" class=\"wp-image-5017 alignleft\" src=\"http:\/\/nina-miles.com\/wp-content\/uploads\/2019\/12\/ce-sans-quadrillage-e1579265218800.jpg\" alt=\"\" width=\"64\" height=\"45\" srcset=\"https:\/\/nina-miles.com\/wp-content\/uploads\/2019\/12\/ce-sans-quadrillage-e1579265218800.jpg 1013w, https:\/\/nina-miles.com\/wp-content\/uploads\/2019\/12\/ce-sans-quadrillage-e1579265218800-150x105.jpg 150w, https:\/\/nina-miles.com\/wp-content\/uploads\/2019\/12\/ce-sans-quadrillage-e1579265218800-300x209.jpg 300w, https:\/\/nina-miles.com\/wp-content\/uploads\/2019\/12\/ce-sans-quadrillage-e1579265218800-768x535.jpg 768w, https:\/\/nina-miles.com\/wp-content\/uploads\/2019\/12\/ce-sans-quadrillage-e1579265218800-600x418.jpg 600w\" sizes=\"(max-width: 64px) 100vw, 64px\" \/><\/p>\n<p>&nbsp;<\/p>","protected":false},"excerpt":{"rendered":"<h1><span style=\"color: #000000; font-size: 18pt;\"><b>Mini-maracas\u00a0<\/b><\/span><\/h1>\n<h2><span style=\"font-size: 12pt; color: #000000;\">The design of these mini-maracas has been specially studied to meet European toy safety standards. What's more, the result is a particularly charming look!\u00a0\u00a0<\/span><\/h2>\n<p><span style=\"color: #000000;\"><span style=\"font-size: 16px;\">Gr\u00e2ce \u00e0 leur petit manche, b\u00e9b\u00e9 agrippera tr\u00e8s facilement ces jolies maracas, sans doute son tout premier instrument ! Car, d\u00e8s qu&#8217;il commence \u00e0 remuer l&#8217;objet, il d\u00e9couvre le son des petites billes qui se trouvent \u00e0 l&#8217;int\u00e9rieur. C&#8217;est ensuite parti pour d\u00e9velopper sa motricit\u00e9, sa concentration et son sens auditif ! Par ailleurs, nous vous en informons que dans la majorit\u00e9 des cas des petites percussions qu&#8217;on trouve sur le march\u00e9,\u00a0<\/span><\/span><span style=\"color: #000000;\"><span style=\"font-size: 16px;\">les billes \u00e0 l&#8217;int\u00e9rieur proviennent de Chine. Allant au bout de notre d\u00e9marche \u00e9co-responsable, nous avons choisi un fabricant fran\u00e7ais, un des derniers dans l&#8217;Hexagone.\u00a0<\/span><\/span><\/p>","protected":false},"featured_media":6708,"template":"","meta":[],"yoast_head":"<!-- This site is optimized with the Yoast SEO plugin v14.9 - https:\/\/yoast.com\/wordpress\/plugins\/seo\/ -->\n<title>Mini-maracas - NINA &amp; MILES<\/title>\n<meta name=\"robots\" content=\"index, follow, max-snippet:-1, max-image-preview:large, max-video-preview:-1\" \/>\n<link rel=\"canonical\" href=\"http:\/\/nina-miles.com\/en\/product\/mini-maracas-2\/\" \/>\n<meta property=\"og:locale\" content=\"en_US\" \/>\n<meta property=\"og:type\" content=\"article\" \/>\n<meta property=\"og:title\" content=\"Mini-maracas - NINA &amp; MILES\" \/>\n<meta property=\"og:description\" content=\"Mini-maracas\u00a0 Le design de ces mini-maracas a \u00e9t\u00e9 sp\u00e9cialement \u00e9tudi\u00e9 afin de r\u00e9pondre aux normes europ\u00e9ennes de s\u00e9curit\u00e9 des jouets. De plus, il en r\u00e9sulte des allures particuli\u00e8rement charmantes !\u00a0\u00a0 Gr\u00e2ce \u00e0 leur petit manche, b\u00e9b\u00e9 agrippera tr\u00e8s facilement ces jolies maracas, sans doute son tout premier instrument ! Car, d\u00e8s qu&#039;il commence \u00e0 remuer l&#039;objet, il d\u00e9couvre le son des petites billes qui se trouvent \u00e0 l&#039;int\u00e9rieur. C&#039;est ensuite parti pour d\u00e9velopper sa motricit\u00e9, sa concentration et son sens auditif ! Par ailleurs, nous vous en informons que dans la majorit\u00e9 des cas des petites percussions qu&#039;on trouve sur le march\u00e9,\u00a0les billes \u00e0 l&#039;int\u00e9rieur proviennent de Chine. Allant au bout de notre d\u00e9marche \u00e9co-responsable, nous avons choisi un fabricant fran\u00e7ais, un des derniers dans l&#039;Hexagone.\u00a0\" \/>\n<meta property=\"og:url\" content=\"http:\/\/nina-miles.com\/en\/product\/mini-maracas-2\/\" \/>\n<meta property=\"og:site_name\" content=\"NINA &amp; MILES\" \/>\n<meta property=\"article:modified_time\" content=\"2022-05-24T07:05:04+00:00\" \/>\n<meta property=\"og:image\" content=\"https:\/\/nina-miles.com\/wp-content\/uploads\/2020\/04\/mini-maracas-format-carre-scaled.jpg\" \/>\n\t<meta property=\"og:image:width\" content=\"2560\" \/>\n\t<meta property=\"og:image:height\" content=\"2560\" \/>\n<meta name=\"twitter:card\" content=\"summary_large_image\" \/>\n<script type=\"application\/ld+json\" class=\"yoast-schema-graph\">{\"@context\":\"https:\/\/schema.org\",\"@graph\":[{\"@type\":\"WebSite\",\"@id\":\"http:\/\/nina-miles.com\/en\/#website\",\"url\":\"http:\/\/nina-miles.com\/en\/\",\"name\":\"NINA &amp; MILES\",\"description\":\"La gamme musicale \\u00e9co-responsable | Fabrication fran\\u00e7aise\",\"potentialAction\":[{\"@type\":\"SearchAction\",\"target\":\"http:\/\/nina-miles.com\/en\/?s={search_term_string}\",\"query-input\":\"required name=search_term_string\"}],\"inLanguage\":\"en-US\"},{\"@type\":\"ImageObject\",\"@id\":\"http:\/\/nina-miles.com\/produit\/mini-maracas-2\/#primaryimage\",\"inLanguage\":\"en-US\",\"url\":\"https:\/\/nina-miles.com\/wp-content\/uploads\/2020\/04\/mini-maracas-format-carre-scaled.jpg\",\"width\":2560,\"height\":2560},{\"@type\":\"WebPage\",\"@id\":\"http:\/\/nina-miles.com\/produit\/mini-maracas-2\/#webpage\",\"url\":\"http:\/\/nina-miles.com\/produit\/mini-maracas-2\/\",\"name\":\"Mini-maracas - NINA &amp; MILES\",\"isPartOf\":{\"@id\":\"http:\/\/nina-miles.com\/en\/#website\"},\"primaryImageOfPage\":{\"@id\":\"http:\/\/nina-miles.com\/produit\/mini-maracas-2\/#primaryimage\"},\"datePublished\":\"2020-11-15T10:50:36+00:00\",\"dateModified\":\"2022-05-24T07:05:04+00:00\",\"inLanguage\":\"en-US\",\"potentialAction\":[{\"@type\":\"ReadAction\",\"target\":[\"http:\/\/nina-miles.com\/produit\/mini-maracas-2\/\"]}]}]}<\/script>\n<!-- \/ Yoast SEO plugin. -->","_links":{"self":[{"href":"http:\/\/nina-miles.com\/en\/wp-json\/wp\/v2\/product\/5461"}],"collection":[{"href":"http:\/\/nina-miles.com\/en\/wp-json\/wp\/v2\/product"}],"about":[{"href":"http:\/\/nina-miles.com\/en\/wp-json\/wp\/v2\/types\/product"}],"wp:featuredmedia":[{"embeddable":true,"href":"http:\/\/nina-miles.com\/en\/wp-json\/wp\/v2\/media\/6708"}],"wp:attachment":[{"href":"http:\/\/nina-miles.com\/en\/wp-json\/wp\/v2\/media?parent=5461"}],"curies":[{"name":"wp","href":"https:\/\/api.w.org\/{rel}","templated":true}]}}