{"id":5781,"date":"2020-11-15T12:00:49","date_gmt":"2020-11-15T11:00:49","guid":{"rendered":"http:\/\/nina-miles.com\/?post_type=product&#038;p=5781"},"modified":"2023-11-21T09:54:43","modified_gmt":"2023-11-21T08:54:43","slug":"boule-sonore-petit-modele-o-50-mm-2","status":"publish","type":"product","link":"http:\/\/nina-miles.com\/en\/product\/boule-sonore-petit-modele-o-50-mm-2\/","title":{"rendered":"Boule sonore | petit mod\u00e8le \u00f8 50 mm"},"content":{"rendered":"<p>Ref. : 0120BSPM<br \/>\nDimensions : \u00f8 50 mm<br \/>\nAge : from 3 months<br \/>\nMat\u00e9riaux : Bois h\u00eatre non trait\u00e9 issu de for\u00eats fran\u00e7aises durablement g\u00e9r\u00e9es &#8211; Remplissage : graines v\u00e9g\u00e9tales cultiv\u00e9es en France<br \/>\nFinish: sanded wood<br \/>\nWeight : 55 g<br \/>\nFabrication dans le Jura &#8211; Assemblage \u00e0 la main dans notre atelier \u00e0 Paris.<br \/>\nDisponible en 4 timbres diff\u00e9rents : noir, blanc, bleu, vert<br \/>\nTested and CE certified (EN 71-1, EN 71-2, EN 71-3) by a French laboratory.<br \/>\nClean with a clean, damp cloth.<br \/>\nDesign : NINA & MILES (registered design)<\/p>\n<p><img decoding=\"async\" loading=\"lazy\" class=\"wp-image-5017 alignleft\" src=\"http:\/\/nina-miles.com\/wp-content\/uploads\/2019\/12\/ce-sans-quadrillage-e1579265218800.jpg\" alt=\"\" width=\"64\" height=\"45\" srcset=\"https:\/\/nina-miles.com\/wp-content\/uploads\/2019\/12\/ce-sans-quadrillage-e1579265218800.jpg 1013w, https:\/\/nina-miles.com\/wp-content\/uploads\/2019\/12\/ce-sans-quadrillage-e1579265218800-150x105.jpg 150w, https:\/\/nina-miles.com\/wp-content\/uploads\/2019\/12\/ce-sans-quadrillage-e1579265218800-300x209.jpg 300w, https:\/\/nina-miles.com\/wp-content\/uploads\/2019\/12\/ce-sans-quadrillage-e1579265218800-768x535.jpg 768w, https:\/\/nina-miles.com\/wp-content\/uploads\/2019\/12\/ce-sans-quadrillage-e1579265218800-600x418.jpg 600w\" sizes=\"(max-width: 64px) 100vw, 64px\" \/><\/p>\n<p>&nbsp;<\/p>","protected":false},"excerpt":{"rendered":"<h1><span style=\"font-size: 18pt;\"><b>Sound ball | small model \u00f8 50 mm<\/b><\/span><\/h1>\n<p><a href=\"https:\/\/nina-miles.com\/en\/wp-content\/uploads\/2023\/11\/BOULE-SONORE-MONTESSORI-def-1.pdf\/\" target=\"_blank\" rel=\"https:\/\/nina-miles.com\/wp-content\/uploads\/2023\/11\/BOULE-SONORE-MONTESSORI-def-1.pdf noopener\"><img decoding=\"async\" loading=\"lazy\" class=\"alignleft wp-image-7881 size-thumbnail\" src=\"https:\/\/nina-miles.com\/wp-content\/uploads\/2020\/11\/fiche-pedagogique-pastille-rond-150x150.jpg\" alt=\"\" width=\"150\" height=\"150\" srcset=\"https:\/\/nina-miles.com\/wp-content\/uploads\/2020\/11\/fiche-pedagogique-pastille-rond-150x150.jpg 150w, https:\/\/nina-miles.com\/wp-content\/uploads\/2020\/11\/fiche-pedagogique-pastille-rond-300x300.jpg 300w, https:\/\/nina-miles.com\/wp-content\/uploads\/2020\/11\/fiche-pedagogique-pastille-rond.jpg 543w\" sizes=\"(max-width: 150px) 100vw, 150px\" \/><\/a><\/p>\n<h2>Cette jolie boule en bois au design \u00e9pur\u00e9 permet de d\u00e9velopper le sens auditif et sensorimoteur de l&#8217;enfant. C\u2019est un objet naturel qui invite \u00e0 \u00eatre secou\u00e9, roul\u00e9 et explor\u00e9 par tous les sens !<\/h2>\n<p>Nous avons imagin\u00e9 cet objet afin de stimuler et d\u00e9velopper les premiers gestes musicaux du tout-petit. Derri\u00e8re le design minimaliste se cache avant tout un objectif p\u00e9dagogique : d\u00e9clin\u00e9 en plusieurs variantes, le timbre varie selon le remplissage mais la forme et le visuel de l\u2019objet reste inchang\u00e9 afin de r\u00e9pondre au fameux crit\u00e8re p\u00e9dagogique <em>\"just one difficult element at a time\"<\/em> propos\u00e9 par Maria Montessori.\u00a0En manipulant l&#8217;objet et en jouant, l&#8217;enfant affinera ainsi son oreille fine, sa concentration se portant uniquement sur le son.<\/p>\n<p>Discover the different tones :<\/p>\n<p><iframe loading=\"lazy\" src=\"https:\/\/w.soundcloud.com\/player\/?url=https%3A\/\/api.soundcloud.com\/tracks\/750936466&amp;color=%23d4bca4&amp;auto_play=false&amp;hide_related=false&amp;show_comments=true&amp;show_user=true&amp;show_reposts=false&amp;show_teaser=true&amp;visual=true\" width=\"100%\" height=\"100\" frameborder=\"no\" scrolling=\"no\"><\/iframe><\/p>\n<p><iframe loading=\"lazy\" src=\"https:\/\/w.soundcloud.com\/player\/?url=https%3A\/\/api.soundcloud.com\/tracks\/750917221&amp;color=%23c09c89&amp;auto_play=false&amp;hide_related=false&amp;show_comments=true&amp;show_user=true&amp;show_reposts=false&amp;show_teaser=true&amp;visual=true\" width=\"100%\" height=\"100\" frameborder=\"no\" scrolling=\"no\"><\/iframe><\/p>\n<p><iframe loading=\"lazy\" src=\"https:\/\/w.soundcloud.com\/player\/?url=https%3A\/\/api.soundcloud.com\/tracks\/840804457&amp;color=%23d4bca4&amp;auto_play=false&amp;hide_related=false&amp;show_comments=true&amp;show_user=true&amp;show_reposts=false&amp;show_teaser=true&amp;visual=true\" width=\"100%\" height=\"100\" frameborder=\"no\" scrolling=\"no\"><\/iframe><\/p>\n<p><iframe loading=\"lazy\" src=\"https:\/\/w.soundcloud.com\/player\/?url=https%3A\/\/api.soundcloud.com\/tracks\/1238564113&amp;color=%23d4bca4&amp;auto_play=false&amp;hide_related=false&amp;show_comments=true&amp;show_user=true&amp;show_reposts=false&amp;show_teaser=true&amp;visual=true\" width=\"100%\" height=\"100\" frameborder=\"no\" scrolling=\"no\"><\/iframe><\/p>\n<p>Just like the <a href=\"http:\/\/nina-miles.com\/en\/product\/shaker-cylindre\/\">cylinder shaker<\/a> and the <a href=\"http:\/\/nina-miles.com\/en\/product\/hochet-jingla-2\/\">JINGLA  rattle<\/a>, this object refers to Montessori's geometric solids. Thus, by manipulating the sound ball, baby will learn about the geometry of volumes and develop his stereognosic sense*.<\/p>\n<p><span style=\"font-size: 8pt;\">(*)\u00a0<em>To be able to recognize the shape and volume of objects.<\/em><\/span><\/p>\n<p><img decoding=\"async\" loading=\"lazy\" class=\"alignleft wp-image-5067\" src=\"http:\/\/nina-miles.com\/wp-content\/uploads\/2020\/01\/logo-collection-MONTESSORI-bleu-canard-avec-texte-1.png\" alt=\"\" width=\"408\" height=\"77\" srcset=\"https:\/\/nina-miles.com\/wp-content\/uploads\/2020\/01\/logo-collection-MONTESSORI-bleu-canard-avec-texte-1.png 6074w, https:\/\/nina-miles.com\/wp-content\/uploads\/2020\/01\/logo-collection-MONTESSORI-bleu-canard-avec-texte-1-150x28.png 150w, https:\/\/nina-miles.com\/wp-content\/uploads\/2020\/01\/logo-collection-MONTESSORI-bleu-canard-avec-texte-1-1200x226.png 1200w, https:\/\/nina-miles.com\/wp-content\/uploads\/2020\/01\/logo-collection-MONTESSORI-bleu-canard-avec-texte-1-300x56.png 300w, https:\/\/nina-miles.com\/wp-content\/uploads\/2020\/01\/logo-collection-MONTESSORI-bleu-canard-avec-texte-1-1024x193.png 1024w, https:\/\/nina-miles.com\/wp-content\/uploads\/2020\/01\/logo-collection-MONTESSORI-bleu-canard-avec-texte-1-768x144.png 768w, https:\/\/nina-miles.com\/wp-content\/uploads\/2020\/01\/logo-collection-MONTESSORI-bleu-canard-avec-texte-1-1536x289.png 1536w, https:\/\/nina-miles.com\/wp-content\/uploads\/2020\/01\/logo-collection-MONTESSORI-bleu-canard-avec-texte-1-2048x385.png 2048w, https:\/\/nina-miles.com\/wp-content\/uploads\/2020\/01\/logo-collection-MONTESSORI-bleu-canard-avec-texte-1-1170x220.png 1170w\" sizes=\"(max-width: 408px) 100vw, 408px\" \/><\/p>\n<p>&nbsp;<\/p>\n<p>&nbsp;<\/p>","protected":false},"featured_media":6709,"template":"","meta":[],"yoast_head":"<!-- This site is optimized with the Yoast SEO plugin v14.9 - https:\/\/yoast.com\/wordpress\/plugins\/seo\/ -->\n<title>Boule sonore | petit mod\u00e8le \u00f8 50 mm - NINA &amp; MILES<\/title>\n<meta name=\"robots\" content=\"index, follow, max-snippet:-1, max-image-preview:large, max-video-preview:-1\" \/>\n<link rel=\"canonical\" href=\"http:\/\/nina-miles.com\/en\/product\/boule-sonore-petit-modele-o-50-mm-2\/\" \/>\n<meta property=\"og:locale\" content=\"en_US\" \/>\n<meta property=\"og:type\" content=\"article\" \/>\n<meta property=\"og:title\" content=\"Boule sonore | petit mod\u00e8le \u00f8 50 mm - NINA &amp; MILES\" \/>\n<meta property=\"og:description\" content=\"La boule sonore | petit mod\u00e8le \u00f8 50 mm  Cette jolie boule en bois au design \u00e9pur\u00e9 permet de d\u00e9velopper le sens auditif et sensorimoteur de l&#039;enfant. C\u2019est un objet naturel qui invite \u00e0 \u00eatre secou\u00e9, roul\u00e9 et explor\u00e9 par tous les sens ! Nous avons imagin\u00e9 cet objet afin de stimuler et d\u00e9velopper les premiers gestes musicaux du tout-petit. Derri\u00e8re le design minimaliste se cache avant tout un objectif p\u00e9dagogique : d\u00e9clin\u00e9 en plusieurs variantes, le timbre varie selon le remplissage mais la forme et le visuel de l\u2019objet reste inchang\u00e9 afin de r\u00e9pondre au fameux crit\u00e8re p\u00e9dagogique \u00ab\u00a0une seule difficult\u00e9 cognitive par activit\u00e9 \u00bb propos\u00e9 par Maria Montessori.\u00a0En manipulant l&#039;objet et en jouant, l&#039;enfant affinera ainsi son oreille fine, sa concentration se portant uniquement sur le son.  D\u00e9couvrez les diff\u00e9rents timbres :          Tout comme le shaker cylindre et le hochet JINGLA, cet objet fait r\u00e9f\u00e9rence aux solides g\u00e9om\u00e9triques de Montessori. Ainsi, en manipulant la boule sonore, b\u00e9b\u00e9 s\u2019initiera \u00e0 la g\u00e9om\u00e9trie des volumes et d\u00e9veloppera son sens st\u00e9r\u00e9ognosique*.  (*)\u00a0Le fait de reconna\u00eetre la forme et le volume des objets.    &nbsp;  &nbsp;\" \/>\n<meta property=\"og:url\" content=\"http:\/\/nina-miles.com\/en\/product\/boule-sonore-petit-modele-o-50-mm-2\/\" \/>\n<meta property=\"og:site_name\" content=\"NINA &amp; MILES\" \/>\n<meta property=\"article:modified_time\" content=\"2023-11-21T08:54:43+00:00\" \/>\n<meta property=\"og:image\" content=\"https:\/\/nina-miles.com\/wp-content\/uploads\/2020\/06\/boule-sonore-petit-modele-format-carre-fond-rose-scaled.jpg\" \/>\n\t<meta property=\"og:image:width\" content=\"2560\" \/>\n\t<meta property=\"og:image:height\" content=\"2560\" \/>\n<meta name=\"twitter:card\" content=\"summary_large_image\" \/>\n<script type=\"application\/ld+json\" class=\"yoast-schema-graph\">{\"@context\":\"https:\/\/schema.org\",\"@graph\":[{\"@type\":\"WebSite\",\"@id\":\"http:\/\/nina-miles.com\/en\/#website\",\"url\":\"http:\/\/nina-miles.com\/en\/\",\"name\":\"NINA &amp; MILES\",\"description\":\"La gamme musicale \\u00e9co-responsable | Fabrication fran\\u00e7aise\",\"potentialAction\":[{\"@type\":\"SearchAction\",\"target\":\"http:\/\/nina-miles.com\/en\/?s={search_term_string}\",\"query-input\":\"required name=search_term_string\"}],\"inLanguage\":\"en-US\"},{\"@type\":\"ImageObject\",\"@id\":\"https:\/\/nina-miles.com\/produit\/boule-sonore-petit-modele-o-50-mm-2\/#primaryimage\",\"inLanguage\":\"en-US\",\"url\":\"https:\/\/nina-miles.com\/wp-content\/uploads\/2020\/06\/boule-sonore-petit-modele-format-carre-fond-rose-scaled.jpg\",\"width\":2560,\"height\":2560},{\"@type\":\"WebPage\",\"@id\":\"https:\/\/nina-miles.com\/produit\/boule-sonore-petit-modele-o-50-mm-2\/#webpage\",\"url\":\"https:\/\/nina-miles.com\/produit\/boule-sonore-petit-modele-o-50-mm-2\/\",\"name\":\"Boule sonore | petit mod\\u00e8le \\u00f8 50 mm - NINA &amp; MILES\",\"isPartOf\":{\"@id\":\"http:\/\/nina-miles.com\/en\/#website\"},\"primaryImageOfPage\":{\"@id\":\"https:\/\/nina-miles.com\/produit\/boule-sonore-petit-modele-o-50-mm-2\/#primaryimage\"},\"datePublished\":\"2020-11-15T11:00:49+00:00\",\"dateModified\":\"2023-11-21T08:54:43+00:00\",\"inLanguage\":\"en-US\",\"potentialAction\":[{\"@type\":\"ReadAction\",\"target\":[\"https:\/\/nina-miles.com\/produit\/boule-sonore-petit-modele-o-50-mm-2\/\"]}]}]}<\/script>\n<!-- \/ Yoast SEO plugin. -->","_links":{"self":[{"href":"http:\/\/nina-miles.com\/en\/wp-json\/wp\/v2\/product\/5781"}],"collection":[{"href":"http:\/\/nina-miles.com\/en\/wp-json\/wp\/v2\/product"}],"about":[{"href":"http:\/\/nina-miles.com\/en\/wp-json\/wp\/v2\/types\/product"}],"wp:featuredmedia":[{"embeddable":true,"href":"http:\/\/nina-miles.com\/en\/wp-json\/wp\/v2\/media\/6709"}],"wp:attachment":[{"href":"http:\/\/nina-miles.com\/en\/wp-json\/wp\/v2\/media?parent=5781"}],"curies":[{"name":"wp","href":"https:\/\/api.w.org\/{rel}","templated":true}]}}