{"id":6039,"date":"2020-11-15T11:25:12","date_gmt":"2020-11-15T10:25:12","guid":{"rendered":"http:\/\/nina-miles.com\/?post_type=product&#038;p=6039"},"modified":"2022-11-30T12:16:23","modified_gmt":"2022-11-30T11:16:23","slug":"maracas-petit-modele","status":"publish","type":"product","link":"http:\/\/nina-miles.com\/en\/product\/maracas-petit-modele\/","title":{"rendered":"Maracas small model"},"content":{"rendered":"<p>R\u00e9f. : 1120MAPM<br \/>\nDimensions : \u00f8 43 mm x L : 110 mm<br \/>\nAge : up to 18 months *<br \/>\nMaterials: Untreated beech wood from sustainably managed French forests.<br \/>\nFinish: rough sanded wood - logo: laser engraving<br \/>\nTested and CE certified (EN 71-1, EN 71-2, EN 71-3) by a French laboratory.<br \/>\nNettoyer\u00a0 avec un linge propre et humide.<br \/>\nPoids : 47 g (l&#8217;unit\u00e9) &#8211; 94 g (la paire)<br \/>\nFabrication dans le Jura &#8211; Assemblage \u00e0 la main dans notre atelier \u00e0 Paris.<br \/>\n<img decoding=\"async\" loading=\"lazy\" class=\"wp-image-5017 alignleft\" src=\"http:\/\/nina-miles.com\/wp-content\/uploads\/2019\/12\/ce-sans-quadrillage-e1579265218800.jpg\" alt=\"\" width=\"64\" height=\"45\" srcset=\"https:\/\/nina-miles.com\/wp-content\/uploads\/2019\/12\/ce-sans-quadrillage-e1579265218800.jpg 1013w, https:\/\/nina-miles.com\/wp-content\/uploads\/2019\/12\/ce-sans-quadrillage-e1579265218800-150x105.jpg 150w, https:\/\/nina-miles.com\/wp-content\/uploads\/2019\/12\/ce-sans-quadrillage-e1579265218800-300x209.jpg 300w, https:\/\/nina-miles.com\/wp-content\/uploads\/2019\/12\/ce-sans-quadrillage-e1579265218800-768x535.jpg 768w, https:\/\/nina-miles.com\/wp-content\/uploads\/2019\/12\/ce-sans-quadrillage-e1579265218800-600x418.jpg 600w\" sizes=\"(max-width: 64px) 100vw, 64px\" \/><\/p>","protected":false},"excerpt":{"rendered":"<h1><span style=\"font-size: 18pt;\"><b>Maracas small model<\/b><\/span><\/h1>\n<h2>Our small maracas are part of our musical instruments collection. Therefore, they are not toys, even if, of course, their use will only be a source of pleasure !<\/h2>\n<p>Did you know that maracas were already present among the Incas, Mayas, Aztecs and Quetchuas ? They are often used to accompany songs. They can also be found as an instrument to keep up the rhythm, especially in Cuban music<\/p>\n<p>These maracas are, like all our objects, made in the Jura region in France. We recommend them to children over 18 months.<\/p>\n<p><a href=\"http:\/\/nina-miles.com\/wp-content\/uploads\/2020\/11\/logo-collection-instr-de-musique-transp.png\"><img decoding=\"async\" loading=\"lazy\" class=\"alignleft wp-image-6120\" src=\"http:\/\/nina-miles.com\/wp-content\/uploads\/2020\/11\/logo-collection-instr-de-musique-transp.png\" alt=\"\" width=\"157\" height=\"58\" srcset=\"https:\/\/nina-miles.com\/wp-content\/uploads\/2020\/11\/logo-collection-instr-de-musique-transp.png 3544w, https:\/\/nina-miles.com\/wp-content\/uploads\/2020\/11\/logo-collection-instr-de-musique-transp-150x55.png 150w, https:\/\/nina-miles.com\/wp-content\/uploads\/2020\/11\/logo-collection-instr-de-musique-transp-1200x443.png 1200w, https:\/\/nina-miles.com\/wp-content\/uploads\/2020\/11\/logo-collection-instr-de-musique-transp-300x111.png 300w, https:\/\/nina-miles.com\/wp-content\/uploads\/2020\/11\/logo-collection-instr-de-musique-transp-1024x378.png 1024w, https:\/\/nina-miles.com\/wp-content\/uploads\/2020\/11\/logo-collection-instr-de-musique-transp-768x283.png 768w, https:\/\/nina-miles.com\/wp-content\/uploads\/2020\/11\/logo-collection-instr-de-musique-transp-1536x567.png 1536w, https:\/\/nina-miles.com\/wp-content\/uploads\/2020\/11\/logo-collection-instr-de-musique-transp-2048x756.png 2048w, https:\/\/nina-miles.com\/wp-content\/uploads\/2020\/11\/logo-collection-instr-de-musique-transp-1170x432.png 1170w\" sizes=\"(max-width: 157px) 100vw, 157px\" \/><\/a><\/p>\n<p>&nbsp;<\/p>\n<p>&nbsp;<\/p>","protected":false},"featured_media":6035,"template":"","meta":[],"yoast_head":"<!-- This site is optimized with the Yoast SEO plugin v14.9 - https:\/\/yoast.com\/wordpress\/plugins\/seo\/ -->\n<title>Maracas petit mod\u00e8le - NINA &amp; MILES<\/title>\n<meta name=\"robots\" content=\"index, follow, max-snippet:-1, max-image-preview:large, max-video-preview:-1\" \/>\n<link rel=\"canonical\" href=\"http:\/\/nina-miles.com\/en\/product\/maracas-petit-modele\/\" \/>\n<meta property=\"og:locale\" content=\"en_US\" \/>\n<meta property=\"og:type\" content=\"article\" \/>\n<meta property=\"og:title\" content=\"Maracas petit mod\u00e8le - NINA &amp; MILES\" \/>\n<meta property=\"og:description\" content=\"Maracas petit mod\u00e8le Nos petites maracas font partie de notre collection d&#039;instruments de musique. Il ne s&#039;agit donc pas de jouets m\u00eame si, bien \u00e9videmment, leur utilisation ne pourra provoquer que du plaisir ! Le saviez-vous ? Les maracas \u00e9taient d\u00e9j\u00e0 pr\u00e9sentes chez les Incas, les Mayas, les Azt\u00e8ques et les Quetchuas ! Elles sont beaucoup utilis\u00e9es pour accompagner des chants. On les retrouve surtout aussi en tant qu&#039;instrument pour bien conduire le rythme notamment dans la musique cubaine.  Ces maracas sont, comme tous nos objets, fabriqu\u00e9s dans le Jura. Nous les recommandons aux enfants de plus de 18 mois.    &nbsp;  &nbsp;\" \/>\n<meta property=\"og:url\" content=\"http:\/\/nina-miles.com\/en\/product\/maracas-petit-modele\/\" \/>\n<meta property=\"og:site_name\" content=\"NINA &amp; MILES\" \/>\n<meta property=\"article:modified_time\" content=\"2022-11-30T11:16:23+00:00\" \/>\n<meta property=\"og:image\" content=\"https:\/\/nina-miles.com\/wp-content\/uploads\/2020\/10\/petites-maracas-la-paire.-jpg-scaled.jpg\" \/>\n\t<meta property=\"og:image:width\" content=\"2560\" \/>\n\t<meta property=\"og:image:height\" content=\"1566\" \/>\n<meta name=\"twitter:card\" content=\"summary_large_image\" \/>\n<script type=\"application\/ld+json\" class=\"yoast-schema-graph\">{\"@context\":\"https:\/\/schema.org\",\"@graph\":[{\"@type\":\"WebSite\",\"@id\":\"http:\/\/nina-miles.com\/en\/#website\",\"url\":\"http:\/\/nina-miles.com\/en\/\",\"name\":\"NINA &amp; MILES\",\"description\":\"La gamme musicale \\u00e9co-responsable | Fabrication fran\\u00e7aise\",\"potentialAction\":[{\"@type\":\"SearchAction\",\"target\":\"http:\/\/nina-miles.com\/en\/?s={search_term_string}\",\"query-input\":\"required name=search_term_string\"}],\"inLanguage\":\"en-US\"},{\"@type\":\"ImageObject\",\"@id\":\"http:\/\/nina-miles.com\/produit\/maracas-petit-modele\/#primaryimage\",\"inLanguage\":\"en-US\",\"url\":\"https:\/\/nina-miles.com\/wp-content\/uploads\/2020\/10\/petites-maracas-la-paire.-jpg-scaled.jpg\",\"width\":2560,\"height\":1566},{\"@type\":\"WebPage\",\"@id\":\"http:\/\/nina-miles.com\/produit\/maracas-petit-modele\/#webpage\",\"url\":\"http:\/\/nina-miles.com\/produit\/maracas-petit-modele\/\",\"name\":\"Maracas petit mod\\u00e8le - NINA &amp; MILES\",\"isPartOf\":{\"@id\":\"http:\/\/nina-miles.com\/en\/#website\"},\"primaryImageOfPage\":{\"@id\":\"http:\/\/nina-miles.com\/produit\/maracas-petit-modele\/#primaryimage\"},\"datePublished\":\"2020-11-15T10:25:12+00:00\",\"dateModified\":\"2022-11-30T11:16:23+00:00\",\"inLanguage\":\"en-US\",\"potentialAction\":[{\"@type\":\"ReadAction\",\"target\":[\"http:\/\/nina-miles.com\/produit\/maracas-petit-modele\/\"]}]}]}<\/script>\n<!-- \/ Yoast SEO plugin. -->","_links":{"self":[{"href":"http:\/\/nina-miles.com\/en\/wp-json\/wp\/v2\/product\/6039"}],"collection":[{"href":"http:\/\/nina-miles.com\/en\/wp-json\/wp\/v2\/product"}],"about":[{"href":"http:\/\/nina-miles.com\/en\/wp-json\/wp\/v2\/types\/product"}],"wp:featuredmedia":[{"embeddable":true,"href":"http:\/\/nina-miles.com\/en\/wp-json\/wp\/v2\/media\/6035"}],"wp:attachment":[{"href":"http:\/\/nina-miles.com\/en\/wp-json\/wp\/v2\/media?parent=6039"}],"curies":[{"name":"wp","href":"https:\/\/api.w.org\/{rel}","templated":true}]}}