{"id":6477,"date":"2020-11-15T11:43:11","date_gmt":"2020-11-15T10:43:11","guid":{"rendered":"http:\/\/nina-miles.com\/?post_type=product&#038;p=6477"},"modified":"2024-05-23T12:31:16","modified_gmt":"2024-05-23T10:31:16","slug":"tamburina","status":"publish","type":"product","link":"http:\/\/nina-miles.com\/en\/product\/tamburina\/","title":{"rendered":"Tamburina"},"content":{"rendered":"<p>R\u00e9f. : 0723TAMB<br \/>\nDimensions : \u00f8 80 mm \u2013 thickness : 15 mm<br \/>\nAge : from 3 months<br \/>\nMaterials: Untreated beech wood from sustainably managed forests - Bells and elastic cord compliying with EN 71 toy standards<br \/>\nFinish: sanded wood<br \/>\nWeight: 37 g<br \/>\nWooden ring and bells : made in Germany. Designed & hand-assembled in Paris, Montmartre.<br \/>\nDisponible en 10 coloris : blanc, blanc\/noir, ivoire, cannelle, jaune curcuma, rouge cerise, rose poudr\u00e9, vieux rose, bleu ciel, bleu turquoise.<br \/>\nTested and CE certified (EN 71-1, EN 71-2, EN 71-3) by a French laboratory.<br \/>\nClean with a clean, damp cloth.<br \/>\nDesign : NINA & MILES (registered design)<\/p>\n<p><img decoding=\"async\" loading=\"lazy\" class=\"wp-image-5017 alignleft\" src=\"http:\/\/nina-miles.com\/wp-content\/uploads\/2019\/12\/ce-sans-quadrillage-e1579265218800.jpg\" alt=\"\" width=\"64\" height=\"45\" srcset=\"https:\/\/nina-miles.com\/wp-content\/uploads\/2019\/12\/ce-sans-quadrillage-e1579265218800.jpg 1013w, https:\/\/nina-miles.com\/wp-content\/uploads\/2019\/12\/ce-sans-quadrillage-e1579265218800-150x105.jpg 150w, https:\/\/nina-miles.com\/wp-content\/uploads\/2019\/12\/ce-sans-quadrillage-e1579265218800-300x209.jpg 300w, https:\/\/nina-miles.com\/wp-content\/uploads\/2019\/12\/ce-sans-quadrillage-e1579265218800-768x535.jpg 768w, https:\/\/nina-miles.com\/wp-content\/uploads\/2019\/12\/ce-sans-quadrillage-e1579265218800-600x418.jpg 600w\" sizes=\"(max-width: 64px) 100vw, 64px\" \/><\/p>\n<p>&nbsp;<\/p>","protected":false},"excerpt":{"rendered":"<h1><span style=\"font-size: 18pt;\"><b>Tamburina<\/b><\/span><\/h1>\n<h2>Specially designed to fit little hands, Tamburina was inspired by the tambourine, a very popular and universal musical instrument in the percussion family.<\/h2>\n<p>Tamburina is perfectly suited to a toddler's hands. Thanks to the shape of the ring, baby's grasping reflex is stimulated and so is his ability to catch objects. The slightest movement causes the bells to start ringing, helping to develop motor skills. Tamburina makes a very soft sound for toddlers' ears. Baby will also discover that he can strike the object by holding it in one hand, just like a musician!<br \/>\nLike all our products, Tamburina has been assembled entirely by hand. It comes in a custom-made kraft box made in France.<\/p>\n<p>The item is available in 10 colors:<\/p>\n<ul>\n<li>white<\/li>\n<li>black\/white: contrasting colors to stimulate the vision of the little baby<\/li>\n<li>ivory<\/li>\n<li>cinnamon<\/li>\n<li>curcuma yellow<\/li>\n<li>powder rose<\/li>\n<li>old rose<\/li>\n<li>cherry red<\/li>\n<li>blue sky<\/li>\n<li>turkish blue<\/li>\n<\/ul>\n<p>Discover the sound here :<\/p>\n<p><iframe loading=\"lazy\" src=\"https:\/\/w.soundcloud.com\/player\/?url=https%3A\/\/api.soundcloud.com\/tracks\/1083232312%3Fsecret_token%3Ds-jjA1wVXWgIF&amp;color=%23ff5500&amp;auto_play=false&amp;hide_related=false&amp;show_comments=true&amp;show_user=true&amp;show_reposts=false&amp;show_teaser=true&amp;visual=true\" width=\"100%\" height=\"300\" frameborder=\"no\" scrolling=\"no\"><\/iframe><\/p>\n<div style=\"font-size: 10px; color: #cccccc; line-break: anywhere; word-break: normal; overflow: hidden; white-space: nowrap; text-overflow: ellipsis; font-family: Interstate,Lucida Grande,Lucida Sans Unicode,Lucida Sans,Garuda,Verdana,Tahoma,sans-serif; font-weight: 100;\"><a style=\"color: #cccccc; text-decoration: none;\" title=\"ninaandmiles\" href=\"https:\/\/soundcloud.com\/user-765106261\" target=\"_blank\" rel=\"noopener\">ninaandmiles<\/a> \u00b7 <a style=\"color: #cccccc; text-decoration: none;\" title=\"Tamburina\" href=\"https:\/\/soundcloud.com\/user-765106261\/tamburina-1\/s-jjA1wVXWgIF\" target=\"_blank\" rel=\"noopener\">Tamburina<\/a><\/div>","protected":false},"featured_media":7460,"template":"","meta":[],"yoast_head":"<!-- This site is optimized with the Yoast SEO plugin v14.9 - https:\/\/yoast.com\/wordpress\/plugins\/seo\/ -->\n<title>Tamburina - NINA &amp; MILES<\/title>\n<meta name=\"robots\" content=\"index, follow, max-snippet:-1, max-image-preview:large, max-video-preview:-1\" \/>\n<link rel=\"canonical\" href=\"http:\/\/nina-miles.com\/en\/product\/tamburina\/\" \/>\n<meta property=\"og:locale\" content=\"en_US\" \/>\n<meta property=\"og:type\" content=\"article\" \/>\n<meta property=\"og:title\" content=\"Tamburina - NINA &amp; MILES\" \/>\n<meta property=\"og:description\" content=\"Tamburina Sp\u00e9cialement con\u00e7u sur mesure des petites mains, Tamburina a \u00e9t\u00e9 inspir\u00e9 du tambourin, un instrument de musique tr\u00e8s populaire et universel de la famille des percussions. Tamburina est parfaitement adapt\u00e9 aux mains du tout-petit. Gr\u00e2ce \u00e0 la forme de l&#039;anneau, le r\u00e9flexe d&#039;agrippement de b\u00e9b\u00e9 est stimul\u00e9 et ainsi, sa capacit\u00e9 \u00e0 attraper les objets. Du moindre mouvement, les grelots commencent \u00e0 sonner ce qui permet de d\u00e9velopper sa motricit\u00e9. Tamburina \u00e9met un son tout doux pour les oreilles des tout-petits. B\u00e9b\u00e9 d\u00e9couvrira aussi qu&#039;il pourra frapper l&#039;objet en le tenant dans une main tout comme le font les musiciens ! Comme tous nos objets, Tamburina a \u00e9t\u00e9 enti\u00e8rement assembl\u00e9 \u00e0 la main. Livr\u00e9 dans sa bo\u00eete kraft fabriqu\u00e9 en France sur mesure.  L&#039;objet est disponible en 10 coloris :   blanc  noir &amp; blanc : couleurs contrast\u00e9es pour stimuler la vision du tout petit b\u00e9b\u00e9  ivoire  cannelle  jaune curcuma  rose poudr\u00e9  vieux rose  rouge cerise  bleu ciel  bleu turquoise  D\u00e9couvrez le son :   ninaandmiles \u00b7 Tamburina\" \/>\n<meta property=\"og:url\" content=\"http:\/\/nina-miles.com\/en\/product\/tamburina\/\" \/>\n<meta property=\"og:site_name\" content=\"NINA &amp; MILES\" \/>\n<meta property=\"article:modified_time\" content=\"2024-05-23T10:31:16+00:00\" \/>\n<meta property=\"og:image\" content=\"https:\/\/nina-miles.com\/wp-content\/uploads\/2020\/11\/0523TAMBCURC.jpg\" \/>\n\t<meta property=\"og:image:width\" content=\"2268\" \/>\n\t<meta property=\"og:image:height\" content=\"2268\" \/>\n<meta name=\"twitter:card\" content=\"summary_large_image\" \/>\n<script type=\"application\/ld+json\" class=\"yoast-schema-graph\">{\"@context\":\"https:\/\/schema.org\",\"@graph\":[{\"@type\":\"WebSite\",\"@id\":\"http:\/\/nina-miles.com\/en\/#website\",\"url\":\"http:\/\/nina-miles.com\/en\/\",\"name\":\"NINA &amp; MILES\",\"description\":\"La gamme musicale \\u00e9co-responsable | Fabrication fran\\u00e7aise\",\"potentialAction\":[{\"@type\":\"SearchAction\",\"target\":\"http:\/\/nina-miles.com\/en\/?s={search_term_string}\",\"query-input\":\"required name=search_term_string\"}],\"inLanguage\":\"en-US\"},{\"@type\":\"ImageObject\",\"@id\":\"https:\/\/nina-miles.com\/produit\/tamburina\/#primaryimage\",\"inLanguage\":\"en-US\",\"url\":\"https:\/\/nina-miles.com\/wp-content\/uploads\/2020\/11\/0523TAMBCURC.jpg\",\"width\":2268,\"height\":2268},{\"@type\":\"WebPage\",\"@id\":\"https:\/\/nina-miles.com\/produit\/tamburina\/#webpage\",\"url\":\"https:\/\/nina-miles.com\/produit\/tamburina\/\",\"name\":\"Tamburina - NINA &amp; MILES\",\"isPartOf\":{\"@id\":\"http:\/\/nina-miles.com\/en\/#website\"},\"primaryImageOfPage\":{\"@id\":\"https:\/\/nina-miles.com\/produit\/tamburina\/#primaryimage\"},\"datePublished\":\"2020-11-15T10:43:11+00:00\",\"dateModified\":\"2024-05-23T10:31:16+00:00\",\"inLanguage\":\"en-US\",\"potentialAction\":[{\"@type\":\"ReadAction\",\"target\":[\"https:\/\/nina-miles.com\/produit\/tamburina\/\"]}]}]}<\/script>\n<!-- \/ Yoast SEO plugin. -->","_links":{"self":[{"href":"http:\/\/nina-miles.com\/en\/wp-json\/wp\/v2\/product\/6477"}],"collection":[{"href":"http:\/\/nina-miles.com\/en\/wp-json\/wp\/v2\/product"}],"about":[{"href":"http:\/\/nina-miles.com\/en\/wp-json\/wp\/v2\/types\/product"}],"wp:featuredmedia":[{"embeddable":true,"href":"http:\/\/nina-miles.com\/en\/wp-json\/wp\/v2\/media\/7460"}],"wp:attachment":[{"href":"http:\/\/nina-miles.com\/en\/wp-json\/wp\/v2\/media?parent=6477"}],"curies":[{"name":"wp","href":"https:\/\/api.w.org\/{rel}","templated":true}]}}