{"id":2935,"date":"2019-07-16T19:35:19","date_gmt":"2019-07-16T17:35:19","guid":{"rendered":"http:\/\/nina-miles.com\/?page_id=2935"},"modified":"2021-10-08T15:52:04","modified_gmt":"2021-10-08T13:52:04","slug":"nos-valeurs","status":"publish","type":"page","link":"https:\/\/nina-miles.com\/en\/nos-valeurs\/","title":{"rendered":"Our values"},"content":{"rendered":"[vc_row][vc_column width=&#8221;1\/2&#8243;][vc_custom_heading text=&#8221;# 1<br \/>\nEntreprise eco-socio responsable, 100 % fabrication fran\u00e7aise&#8221; font_container=&#8221;tag:h1|text_align:center|color:%2374a1aa&#8221; use_theme_fonts=&#8221;yes&#8221; css_animation=&#8221;none&#8221;][vc_empty_space height=&#8221;10&#8243;][vc_empty_space height=&#8221;10&#8243;][vc_column_text css_animation=&#8221;none&#8221;]\n<p style=\"text-align: left;\"><span style=\"color: #000000;\"><span style=\"font-size: 14pt;\">NINA & MILES is above all a beautiful human adventure. <\/span><span style=\"font-size: 14pt;\">We have carefully selected our partners, service providers and suppliers:<\/span><\/span><\/p>\n<ul>\n<li><span style=\"font-size: 14pt; color: #000000;\">Fabrication dans le Jura par des artisans tourneurs sur bois ; <\/span><\/li>\n<li><span style=\"font-size: 14pt; color: #000000;\">Untreated beech wood from sustainably managed French forests<\/span><\/li>\n<li><span style=\"font-size: 14pt; color: #000000;\">Corrugated cardboard packaging designed and manufactured in France by a company specialized in packaging for 25 years;<\/span><\/li>\n<li><span style=\"font-size: 14pt; color: #000000;\">Laser engraving by a company located in the department of Haute-Marne ;<\/span><\/li>\n<li><span style=\"font-size: 14pt; color: #000000;\">Balls for filling certain objects (shakers, maracas) manufactured in St. Etienne by a company founded in 1958 and European leader in the field;<\/span><\/li>\n<li><span style=\"font-size: 14pt; color: #000000;\">Vegetable seeds (for the filling of our sound balls) cultivated in France by a family company created in 1819 ;<\/span><\/li>\n<li><span style=\"font-size: 14pt; color: #000000;\">Bracelets to assemble claves made to measure in the Puy-de-D\u00f4me department by a French company founded in 1859 and labeled \"Entreprise du Patrimoine Vivant\" (Living Heritage Company).\u00a0<\/span><\/li>\n<li><span style=\"font-size: 14pt; color: #000000;\">Certification to European standards EN 71-1, EN 71-2, EN 71-3 by a French laboratory located in Lyon ;<\/span><\/li>\n<li><span style=\"font-size: 14pt; color: #000000;\">Assemblage, conditionnement et exp\u00e9dition dans notre atelier \u00e0 Paris, Montmartre.<\/span><\/li>\n<li><span style=\"font-size: 14pt; color: #000000;\">Only our bells (to toy standards) are manufactured in Germany by a family business founded in 1858.<\/span><\/li>\n<\/ul>\n[\/vc_column_text][vc_separator][vc_empty_space height=&#8221;60&#8243;][vc_single_image image=&#8221;3633&#8243; img_size=&#8221;medium&#8221; alignment=&#8221;center&#8221; style=&#8221;vc_box_circle_2&#8243;][vc_empty_space height=&#8221;130&#8243;][vc_empty_space height=&#8221;130&#8243;][vc_custom_heading text=&#8221;# 3<br \/>\nS\u00e9curit\u00e9 test\u00e9e par un laboratoire fran\u00e7ais&#8221; font_container=&#8221;tag:h1|text_align:center|color:%2374a1aa&#8221; use_theme_fonts=&#8221;yes&#8221; css_animation=&#8221;none&#8221;][vc_empty_space height=&#8221;10&#8243;][vc_column_text css_animation=&#8221;none&#8221;]<span style=\"font-size: 14pt; color: #333333;\">The security of our objects is paramount. We rigorously select the elements of which they are composed. From design to gluing and assembly, we take care of each step of production in order to guarantee optimal security. <\/span><\/p>\n<p><span style=\"font-size: 14pt; color: #333333;\">All our products are tested and CE certified in France by a toy conformity testing laboratory.\u00a0<\/span>[\/vc_column_text][vc_empty_space height=&#8221;30&#8243;][vc_separator][vc_empty_space height=&#8221;120&#8243;][vc_single_image image=&#8221;4341&#8243; img_size=&#8221;medium&#8221; alignment=&#8221;center&#8221; style=&#8221;vc_box_circle_2&#8243;][\/vc_column][vc_column width=&#8221;1\/2&#8243;][vc_empty_space][vc_empty_space height=&#8221;80&#8243;][vc_empty_space height=&#8221;80&#8243;][vc_single_image image=&#8221;6582&#8243; img_size=&#8221;large&#8221; alignment=&#8221;center&#8221; onclick=&#8221;link_image&#8221; css_animation=&#8221;none&#8221;][vc_empty_space height=&#8221;80&#8243;][vc_empty_space height=&#8221;80&#8243;][vc_empty_space height=&#8221;80&#8243;][vc_empty_space height=&#8221;80&#8243;][vc_custom_heading text=&#8221;# 2<br \/>\nInspirations p\u00e9dagogiques dont Montessori&#8221; font_container=&#8221;tag:h1|text_align:center|color:%2374a1aa&#8221; use_theme_fonts=&#8221;yes&#8221; css_animation=&#8221;none&#8221;][vc_empty_space height=&#8221;10&#8243;][vc_empty_space height=&#8221;10&#8243;][vc_column_text css_animation=&#8221;none&#8221;]<span style=\"font-size: 14pt; color: #333333;\">We take the first musical experimentations of toddlers and young children very seriously.<span style=\"font-size: 14pt;\">Our range is inspired by several pedagogical criteria, some of which were established by Maria Montessori.\u00a0<\/span><\/span><\/p>\n<p><span style=\"font-size: 14pt; color: #333333;\">In addition, we are trained in Montessori pedagogy as well as in several active musical pedagogies. We are inspired by all our knowledge when designing our objects.<\/span>[\/vc_column_text][vc_btn title=&#8221;En savoir plus&#8230;&#8221; style=&#8221;outline-custom&#8221; outline_custom_color=&#8221;#74a1aa&#8221; outline_custom_hover_background=&#8221;#74a1aa&#8221; outline_custom_hover_text=&#8221;#ffffff&#8221; align=&#8221;center&#8221; css_animation=&#8221;fadeIn&#8221; link=&#8221;url:http%3A%2F%2Fnina-miles.com%2Findex.php%2Finspirations-pedagogiques%2F|title:Inspirations%20p%C3%A9dagogiques||&#8221;][vc_separator][vc_empty_space height=&#8221;80&#8243;][vc_single_image image=&#8221;4339&#8243; img_size=&#8221;220&#215;150&#8243; alignment=&#8221;center&#8221; css_animation=&#8221;none&#8221; css=&#8221;.vc_custom_1597440081091{border-top-width: 1px !important;border-right-width: 1px !important;border-bottom-width: 1px !important;border-left-width: 1px !important;border-left-color: #ffffff !important;border-right-color: #ffffff !important;border-top-color: #ffffff !important;border-bottom-color: #ffffff !important;border-radius: 1px !important;}&#8221;][vc_empty_space height=&#8221;80&#8243;][vc_empty_space height=&#8221;80&#8243;][vc_custom_heading text=&#8221;# 4<br \/>\nDu h\u00eatre issu de for\u00eats fran\u00e7aises&#8221; font_container=&#8221;tag:h1|text_align:center|color:%2374a1aa&#8221; use_theme_fonts=&#8221;yes&#8221; css_animation=&#8221;none&#8221;][vc_empty_space][vc_column_text css_animation=&#8221;none&#8221;]<span style=\"font-size: 14pt; color: #333333;\">The wood we use comes from sustainably managed French forests. We use beech, a dense, light wood with a beautiful finish. Used for a long time for, among other things, the manufacture of domestic utensils, it is a healthy wood (absence of tannin) and therefore safe to put in the mouth. <\/span><\/p>\n<p><span style=\"font-size: 14pt; color: #333333;\">Known under the scientific name Fagus Sylvatica, the beech is the most widespread tree in France after the oak. It is a very resistant wood and even stronger than oak! <\/span><\/p>\n<p><span style=\"font-size: 14pt; color: #333333;\">Our objects highlight the beauty of wood. <\/span><span style=\"font-size: 14pt; color: #333333;\">Chacune de nos pi\u00e8ces est unique.<\/span>[\/vc_column_text][\/vc_column][\/vc_row]","protected":false},"excerpt":{"rendered":"<p>[vc_row][vc_column width=&#8221;1\/2&#8243;][vc_custom_heading text=&#8221;# 1 Entreprise eco-socio responsable, 100 % fabrication fran\u00e7aise&#8221; font_container=&#8221;tag:h1|text_align:center|color:%2374a1aa&#8221; use_theme_fonts=&#8221;yes&#8221; css_animation=&#8221;none&#8221;][vc_empty_space height=&#8221;10&#8243;][vc_empty_space height=&#8221;10&#8243;][vc_column_text css_animation=&#8221;none&#8221;] NINA &amp; MILES c&#8217;est avant tout une belle aventure humaine. Nous avons s\u00e9lectionn\u00e9 avec soin nos partenaires, prestataires et fournisseurs : Fabrication dans le Jura par des artisans tourneurs sur bois ; Bois<\/p>","protected":false},"author":1,"featured_media":0,"parent":0,"menu_order":0,"comment_status":"closed","ping_status":"closed","template":"","meta":[],"yoast_head":"<!-- This site is optimized with the Yoast SEO plugin v14.9 - https:\/\/yoast.com\/wordpress\/plugins\/seo\/ -->\n<title>Nos valeurs - NINA &amp; MILES<\/title>\n<meta name=\"robots\" content=\"index, follow, max-snippet:-1, max-image-preview:large, max-video-preview:-1\" \/>\n<link rel=\"canonical\" href=\"https:\/\/nina-miles.com\/en\/nos-valeurs\/\" \/>\n<meta property=\"og:locale\" content=\"en_US\" \/>\n<meta property=\"og:type\" content=\"article\" \/>\n<meta property=\"og:title\" content=\"Nos valeurs - NINA &amp; MILES\" \/>\n<meta property=\"og:description\" content=\"[vc_row][vc_column width=&#8221;1\/2&#8243;][vc_custom_heading text=&#8221;# 1 Entreprise eco-socio responsable, 100 % fabrication fran\u00e7aise&#8221; font_container=&#8221;tag:h1|text_align:center|color:%2374a1aa&#8221; use_theme_fonts=&#8221;yes&#8221; css_animation=&#8221;none&#8221;][vc_empty_space height=&#8221;10&#8243;][vc_empty_space height=&#8221;10&#8243;][vc_column_text css_animation=&#8221;none&#8221;] NINA &amp; MILES c&#8217;est avant tout une belle aventure humaine. Nous avons s\u00e9lectionn\u00e9 avec soin nos partenaires, prestataires et fournisseurs : Fabrication dans le Jura par des artisans tourneurs sur bois ; Bois\" \/>\n<meta property=\"og:url\" content=\"https:\/\/nina-miles.com\/en\/nos-valeurs\/\" \/>\n<meta property=\"og:site_name\" content=\"NINA &amp; MILES\" \/>\n<meta property=\"article:modified_time\" content=\"2021-10-08T13:52:04+00:00\" \/>\n<meta name=\"twitter:card\" content=\"summary_large_image\" \/>\n<script type=\"application\/ld+json\" class=\"yoast-schema-graph\">{\"@context\":\"https:\/\/schema.org\",\"@graph\":[{\"@type\":\"WebSite\",\"@id\":\"https:\/\/nina-miles.com\/en\/#website\",\"url\":\"https:\/\/nina-miles.com\/en\/\",\"name\":\"NINA &amp; MILES\",\"description\":\"La gamme musicale \\u00e9co-responsable | Fabrication fran\\u00e7aise\",\"potentialAction\":[{\"@type\":\"SearchAction\",\"target\":\"https:\/\/nina-miles.com\/en\/?s={search_term_string}\",\"query-input\":\"required name=search_term_string\"}],\"inLanguage\":\"en-US\"},{\"@type\":\"WebPage\",\"@id\":\"http:\/\/nina-miles.com\/nos-valeurs\/#webpage\",\"url\":\"http:\/\/nina-miles.com\/nos-valeurs\/\",\"name\":\"Nos valeurs - NINA &amp; MILES\",\"isPartOf\":{\"@id\":\"https:\/\/nina-miles.com\/en\/#website\"},\"datePublished\":\"2019-07-16T17:35:19+00:00\",\"dateModified\":\"2021-10-08T13:52:04+00:00\",\"inLanguage\":\"en-US\",\"potentialAction\":[{\"@type\":\"ReadAction\",\"target\":[\"http:\/\/nina-miles.com\/nos-valeurs\/\"]}]}]}<\/script>\n<!-- \/ Yoast SEO plugin. -->","_links":{"self":[{"href":"https:\/\/nina-miles.com\/en\/wp-json\/wp\/v2\/pages\/2935"}],"collection":[{"href":"https:\/\/nina-miles.com\/en\/wp-json\/wp\/v2\/pages"}],"about":[{"href":"https:\/\/nina-miles.com\/en\/wp-json\/wp\/v2\/types\/page"}],"author":[{"embeddable":true,"href":"https:\/\/nina-miles.com\/en\/wp-json\/wp\/v2\/users\/1"}],"replies":[{"embeddable":true,"href":"https:\/\/nina-miles.com\/en\/wp-json\/wp\/v2\/comments?post=2935"}],"version-history":[{"count":34,"href":"https:\/\/nina-miles.com\/en\/wp-json\/wp\/v2\/pages\/2935\/revisions"}],"predecessor-version":[{"id":6585,"href":"https:\/\/nina-miles.com\/en\/wp-json\/wp\/v2\/pages\/2935\/revisions\/6585"}],"wp:attachment":[{"href":"https:\/\/nina-miles.com\/en\/wp-json\/wp\/v2\/media?parent=2935"}],"curies":[{"name":"wp","href":"https:\/\/api.w.org\/{rel}","templated":true}]}}