{"id":3045,"date":"2019-07-18T12:13:11","date_gmt":"2019-07-18T10:13:11","guid":{"rendered":"http:\/\/nina-miles.com\/?page_id=3045"},"modified":"2022-04-20T15:30:40","modified_gmt":"2022-04-20T13:30:40","slug":"mentions-legales","status":"publish","type":"page","link":"https:\/\/nina-miles.com\/en\/mentions-legales\/","title":{"rendered":"Legal Notice"},"content":{"rendered":"[vc_row][vc_column][vc_column_text]\n<p>NINA &amp; MILES est une marque cr\u00e9\u00e9 par LITTLESOUNDS<\/p>\n\n<p>Ce site est \u00e9dit\u00e9 et diffus\u00e9 par BURO LANO EURL<\/p>\n\n<p>Si\u00e8ge social : 24 rue Lepic \u2013 75018 Paris &#8211; France<\/p>\n\n<p>N\u00b0 SIREN\u00a0: 833\u00a0786 692<\/p>\n\n<p>N\u00b0 TVA intra-communautaire : FR39833786692<\/p>\n\n<p>Immatricul\u00e9e au RCS de Paris sous le num\u00e9ro 833786692R.C.S. Paris<\/p>\n\n<p>Directrice de la publication : Karin Laenen<\/p>\n\n<p>L&#8217;int\u00e9gralit\u00e9 du site est la propri\u00e9t\u00e9 exclusive\u00a0de la soci\u00e9t\u00e9 BURO LANO EURL. Aucune reproduction ou repr\u00e9sentation ne peut avoir lieu sans le\u00a0consentement \u00e9crit et pr\u00e9alable de BURO LANO EURL<\/p>\n\n\n<p>Site web h\u00e9berg\u00e9 chez\u00a0OVH, 2 rue Kellermann, 59100 ROUBAIX &#8211;\u00a0T\u00e9l : 08 203 203 63 \/ n\u00b0 indigo (0,118 \u20ac\/min)<\/p>\n<p><span style=\"text-decoration: underline;\"><strong>Contact :<\/strong><\/span><\/p>\n<p>Adresse de correspondance :<\/p>\n<p>BURO LANO EURL | LITTLESOUNDS<\/p>\n<p>24 rue Lepic<\/p>\n<p>75018 PARIS<\/p>\n<p>Email : hello (arrobase) nina-miles.com<\/p>\n\n<p>&nbsp;<\/p>\n[\/vc_column_text][\/vc_column][\/vc_row]","protected":false},"excerpt":{"rendered":"<p>[vc_row][vc_column][vc_column_text] NINA &amp; MILES est une marque cr\u00e9\u00e9 par LITTLESOUNDS Ce site est \u00e9dit\u00e9 et diffus\u00e9 par BURO LANO EURL Si\u00e8ge social : 24 rue Lepic \u2013 75018 Paris &#8211; France N\u00b0 SIREN\u00a0: 833\u00a0786 692 N\u00b0 TVA intra-communautaire : FR39833786692 Immatricul\u00e9e au RCS de Paris sous le num\u00e9ro 833786692R.C.S. Paris<\/p>","protected":false},"author":1,"featured_media":0,"parent":0,"menu_order":0,"comment_status":"closed","ping_status":"closed","template":"","meta":[],"yoast_head":"<!-- This site is optimized with the Yoast SEO plugin v14.9 - https:\/\/yoast.com\/wordpress\/plugins\/seo\/ -->\n<title>Mentions l\u00e9gales - NINA &amp; MILES<\/title>\n<meta name=\"robots\" content=\"index, follow, max-snippet:-1, max-image-preview:large, max-video-preview:-1\" \/>\n<link rel=\"canonical\" href=\"https:\/\/nina-miles.com\/en\/mentions-legales\/\" \/>\n<meta property=\"og:locale\" content=\"en_US\" \/>\n<meta property=\"og:type\" content=\"article\" \/>\n<meta property=\"og:title\" content=\"Mentions l\u00e9gales - NINA &amp; MILES\" \/>\n<meta property=\"og:description\" content=\"[vc_row][vc_column][vc_column_text] NINA &amp; MILES est une marque cr\u00e9\u00e9 par LITTLESOUNDS Ce site est \u00e9dit\u00e9 et diffus\u00e9 par BURO LANO EURL Si\u00e8ge social : 24 rue Lepic \u2013 75018 Paris &#8211; France N\u00b0 SIREN\u00a0: 833\u00a0786 692 N\u00b0 TVA intra-communautaire : FR39833786692 Immatricul\u00e9e au RCS de Paris sous le num\u00e9ro 833786692R.C.S. Paris\" \/>\n<meta property=\"og:url\" content=\"https:\/\/nina-miles.com\/en\/mentions-legales\/\" \/>\n<meta property=\"og:site_name\" content=\"NINA &amp; MILES\" \/>\n<meta property=\"article:modified_time\" content=\"2022-04-20T13:30:40+00:00\" \/>\n<meta name=\"twitter:card\" content=\"summary_large_image\" \/>\n<script type=\"application\/ld+json\" class=\"yoast-schema-graph\">{\"@context\":\"https:\/\/schema.org\",\"@graph\":[{\"@type\":\"WebSite\",\"@id\":\"https:\/\/nina-miles.com\/en\/#website\",\"url\":\"https:\/\/nina-miles.com\/en\/\",\"name\":\"NINA &amp; MILES\",\"description\":\"La gamme musicale \\u00e9co-responsable | Fabrication fran\\u00e7aise\",\"potentialAction\":[{\"@type\":\"SearchAction\",\"target\":\"https:\/\/nina-miles.com\/en\/?s={search_term_string}\",\"query-input\":\"required name=search_term_string\"}],\"inLanguage\":\"en-US\"},{\"@type\":\"WebPage\",\"@id\":\"http:\/\/nina-miles.com\/mentions-legales\/#webpage\",\"url\":\"http:\/\/nina-miles.com\/mentions-legales\/\",\"name\":\"Mentions l\\u00e9gales - NINA &amp; MILES\",\"isPartOf\":{\"@id\":\"https:\/\/nina-miles.com\/en\/#website\"},\"datePublished\":\"2019-07-18T10:13:11+00:00\",\"dateModified\":\"2022-04-20T13:30:40+00:00\",\"inLanguage\":\"en-US\",\"potentialAction\":[{\"@type\":\"ReadAction\",\"target\":[\"http:\/\/nina-miles.com\/mentions-legales\/\"]}]}]}<\/script>\n<!-- \/ Yoast SEO plugin. -->","_links":{"self":[{"href":"https:\/\/nina-miles.com\/en\/wp-json\/wp\/v2\/pages\/3045"}],"collection":[{"href":"https:\/\/nina-miles.com\/en\/wp-json\/wp\/v2\/pages"}],"about":[{"href":"https:\/\/nina-miles.com\/en\/wp-json\/wp\/v2\/types\/page"}],"author":[{"embeddable":true,"href":"https:\/\/nina-miles.com\/en\/wp-json\/wp\/v2\/users\/1"}],"replies":[{"embeddable":true,"href":"https:\/\/nina-miles.com\/en\/wp-json\/wp\/v2\/comments?post=3045"}],"version-history":[{"count":3,"href":"https:\/\/nina-miles.com\/en\/wp-json\/wp\/v2\/pages\/3045\/revisions"}],"predecessor-version":[{"id":6862,"href":"https:\/\/nina-miles.com\/en\/wp-json\/wp\/v2\/pages\/3045\/revisions\/6862"}],"wp:attachment":[{"href":"https:\/\/nina-miles.com\/en\/wp-json\/wp\/v2\/media?parent=3045"}],"curies":[{"name":"wp","href":"https:\/\/api.w.org\/{rel}","templated":true}]}}