{"id":5054,"date":"2020-11-15T11:24:27","date_gmt":"2020-11-15T10:24:27","guid":{"rendered":"http:\/\/nina-miles.com\/?post_type=product&#038;p=5054"},"modified":"2023-11-18T10:58:05","modified_gmt":"2023-11-18T09:58:05","slug":"hochet-jingla-2","status":"publish","type":"product","link":"https:\/\/nina-miles.com\/en\/product\/hochet-jingla-2\/","title":{"rendered":"JINGLA | The musical rattle"},"content":{"rendered":"<p>Ref. : 0120HJWH<br \/>\nDimensions : \u00f8 45 mm x 45 mm<br \/>\nAge : from 3 months<br \/>\nMaterials: Untreated beech wood from sustainably managed French forests - Bell complies with EN 71 toy standards - Elastic cord (inside the object)<br \/>\nFinish: sanded wood<br \/>\nWeight : 44 g<br \/>\nFabrication dans le Jura &#8211; Assemblage \u00e0 la main dans notre atelier \u00e0 Paris.<br \/>\nColour bell : white<br \/>\nTested and CE certified (EN 71-1, EN 71-2, EN 71-3) by a French laboratory.<br \/>\nClean with a clean, damp cloth.<br \/>\nDesign : NINA & MILES (registered design)<\/p>\n<p><img decoding=\"async\" loading=\"lazy\" class=\"wp-image-5017 alignleft\" src=\"http:\/\/nina-miles.com\/wp-content\/uploads\/2019\/12\/ce-sans-quadrillage-e1579265218800.jpg\" alt=\"\" width=\"64\" height=\"45\" srcset=\"https:\/\/nina-miles.com\/wp-content\/uploads\/2019\/12\/ce-sans-quadrillage-e1579265218800.jpg 1013w, https:\/\/nina-miles.com\/wp-content\/uploads\/2019\/12\/ce-sans-quadrillage-e1579265218800-150x105.jpg 150w, https:\/\/nina-miles.com\/wp-content\/uploads\/2019\/12\/ce-sans-quadrillage-e1579265218800-300x209.jpg 300w, https:\/\/nina-miles.com\/wp-content\/uploads\/2019\/12\/ce-sans-quadrillage-e1579265218800-768x535.jpg 768w, https:\/\/nina-miles.com\/wp-content\/uploads\/2019\/12\/ce-sans-quadrillage-e1579265218800-600x418.jpg 600w\" sizes=\"(max-width: 64px) 100vw, 64px\" \/><\/p>\n<p>&nbsp;<\/p>","protected":false},"excerpt":{"rendered":"<h1><span style=\"color: #000000; font-size: 18pt;\"><b>JINGLA rattle\u00a0<\/b><\/span><\/h1>\n<h2><span style=\"font-size: 12pt; color: #ff6600;\">NOUVEAU ! Ce produit est d\u00e9sormais disponible en blanc et bleu Klein.<\/span><\/h2>\n<h2><span style=\"font-size: 12pt; color: #000000;\">By shaking JINGLA, toddlers will be delighted to discover a harmonious sound that will soothe little ears. <\/span><\/h2>\n<p><span style=\"font-size: 12pt; color: #000000;\">Lors de la conception de ce hochet, nous avons d\u00e9lib\u00e9r\u00e9ment opt\u00e9 pour la forme du cylindre faisant r\u00e9f\u00e9rence aux solides g\u00e9om\u00e9triques de Montessori. Ainsi, en manipulant JINGLA, b\u00e9b\u00e9 s&#8217;initiera \u00e0 la g\u00e9om\u00e9trie des volumes et d\u00e9veloppera son s<\/span><span style=\"font-size: 12pt; color: #000000;\">tereognosic sense.*<\/span><\/p>\n<p><iframe loading=\"lazy\" src=\"https:\/\/www.youtube.com\/embed\/qfICAMAlXYo\" width=\"560\" height=\"315\" frameborder=\"0\" allowfullscreen=\"allowfullscreen\"><\/iframe><\/p>\n<p><iframe loading=\"lazy\" src=\"https:\/\/w.soundcloud.com\/player\/?url=https%3A\/\/api.soundcloud.com\/tracks\/789482173&amp;color=%23d4bca4&amp;auto_play=false&amp;hide_related=false&amp;show_comments=true&amp;show_user=true&amp;show_reposts=false&amp;show_teaser=true&amp;visual=true\" width=\"100%\" height=\"100\" frameborder=\"no\" scrolling=\"no\"><\/iframe><\/p>\n<p><img decoding=\"async\" loading=\"lazy\" class=\"alignleft wp-image-5067\" src=\"http:\/\/nina-miles.com\/wp-content\/uploads\/2020\/01\/logo-collection-MONTESSORI-bleu-canard-avec-texte-1.png\" alt=\"\" width=\"408\" height=\"77\" srcset=\"https:\/\/nina-miles.com\/wp-content\/uploads\/2020\/01\/logo-collection-MONTESSORI-bleu-canard-avec-texte-1.png 6074w, https:\/\/nina-miles.com\/wp-content\/uploads\/2020\/01\/logo-collection-MONTESSORI-bleu-canard-avec-texte-1-150x28.png 150w, https:\/\/nina-miles.com\/wp-content\/uploads\/2020\/01\/logo-collection-MONTESSORI-bleu-canard-avec-texte-1-1200x226.png 1200w, https:\/\/nina-miles.com\/wp-content\/uploads\/2020\/01\/logo-collection-MONTESSORI-bleu-canard-avec-texte-1-300x56.png 300w, https:\/\/nina-miles.com\/wp-content\/uploads\/2020\/01\/logo-collection-MONTESSORI-bleu-canard-avec-texte-1-1024x193.png 1024w, https:\/\/nina-miles.com\/wp-content\/uploads\/2020\/01\/logo-collection-MONTESSORI-bleu-canard-avec-texte-1-768x144.png 768w, https:\/\/nina-miles.com\/wp-content\/uploads\/2020\/01\/logo-collection-MONTESSORI-bleu-canard-avec-texte-1-1536x289.png 1536w, https:\/\/nina-miles.com\/wp-content\/uploads\/2020\/01\/logo-collection-MONTESSORI-bleu-canard-avec-texte-1-2048x385.png 2048w, https:\/\/nina-miles.com\/wp-content\/uploads\/2020\/01\/logo-collection-MONTESSORI-bleu-canard-avec-texte-1-1170x220.png 1170w\" sizes=\"(max-width: 408px) 100vw, 408px\" \/><\/p>\n<p><span style=\"color: #000000; font-size: 10pt;\">(*) <em>To be able to recognize the shape and volume of objects.<\/em><\/span><\/p>","protected":false},"featured_media":6250,"template":"","meta":[],"yoast_head":"<!-- This site is optimized with the Yoast SEO plugin v14.9 - https:\/\/yoast.com\/wordpress\/plugins\/seo\/ -->\n<title>JINGLA cylindre | Le hochet musical - NINA &amp; MILES<\/title>\n<meta name=\"robots\" content=\"index, follow, max-snippet:-1, max-image-preview:large, max-video-preview:-1\" \/>\n<link rel=\"canonical\" href=\"https:\/\/nina-miles.com\/en\/product\/hochet-jingla-2\/\" \/>\n<meta property=\"og:locale\" content=\"en_US\" \/>\n<meta property=\"og:type\" content=\"article\" \/>\n<meta property=\"og:title\" content=\"JINGLA cylindre | Le hochet musical - NINA &amp; MILES\" \/>\n<meta property=\"og:description\" content=\"Le hochet JINGLA\u00a0 NOUVEAU ! Ce produit est d\u00e9sormais disponible en blanc et bleu Klein. En secouant JINGLA, les tout-petits d\u00e9couvriront, pour leur plus grand plaisir, un son harmonieux qui apaisera les petites oreilles.  Lors de la conception de ce hochet, nous avons d\u00e9lib\u00e9r\u00e9ment opt\u00e9 pour la forme du cylindre faisant r\u00e9f\u00e9rence aux solides g\u00e9om\u00e9triques de Montessori. Ainsi, en manipulant JINGLA, b\u00e9b\u00e9 s&#039;initiera \u00e0 la g\u00e9om\u00e9trie des volumes et d\u00e9veloppera son sens\u00a0st\u00e9r\u00e9ognosique*.        (*) Le fait de reconna\u00eetre la forme et le volume des objets.\" \/>\n<meta property=\"og:url\" content=\"https:\/\/nina-miles.com\/en\/product\/hochet-jingla-2\/\" \/>\n<meta property=\"og:site_name\" content=\"NINA &amp; MILES\" \/>\n<meta property=\"article:modified_time\" content=\"2023-11-18T09:58:05+00:00\" \/>\n<meta property=\"og:image\" content=\"https:\/\/nina-miles.com\/wp-content\/uploads\/2021\/01\/JINGLA-format-carre-format-large.jpg\" \/>\n\t<meta property=\"og:image:width\" content=\"768\" \/>\n\t<meta property=\"og:image:height\" content=\"768\" \/>\n<meta name=\"twitter:card\" content=\"summary_large_image\" \/>\n<script type=\"application\/ld+json\" class=\"yoast-schema-graph\">{\"@context\":\"https:\/\/schema.org\",\"@graph\":[{\"@type\":\"WebSite\",\"@id\":\"https:\/\/nina-miles.com\/en\/#website\",\"url\":\"https:\/\/nina-miles.com\/en\/\",\"name\":\"NINA &amp; MILES\",\"description\":\"La gamme musicale \\u00e9co-responsable | Fabrication fran\\u00e7aise\",\"potentialAction\":[{\"@type\":\"SearchAction\",\"target\":\"https:\/\/nina-miles.com\/en\/?s={search_term_string}\",\"query-input\":\"required name=search_term_string\"}],\"inLanguage\":\"en-US\"},{\"@type\":\"ImageObject\",\"@id\":\"https:\/\/nina-miles.com\/produit\/hochet-jingla-2\/#primaryimage\",\"inLanguage\":\"en-US\",\"url\":\"https:\/\/nina-miles.com\/wp-content\/uploads\/2021\/01\/JINGLA-format-carre-format-large.jpg\",\"width\":768,\"height\":768},{\"@type\":\"WebPage\",\"@id\":\"https:\/\/nina-miles.com\/produit\/hochet-jingla-2\/#webpage\",\"url\":\"https:\/\/nina-miles.com\/produit\/hochet-jingla-2\/\",\"name\":\"JINGLA cylindre | Le hochet musical - NINA &amp; MILES\",\"isPartOf\":{\"@id\":\"https:\/\/nina-miles.com\/en\/#website\"},\"primaryImageOfPage\":{\"@id\":\"https:\/\/nina-miles.com\/produit\/hochet-jingla-2\/#primaryimage\"},\"datePublished\":\"2020-11-15T10:24:27+00:00\",\"dateModified\":\"2023-11-18T09:58:05+00:00\",\"inLanguage\":\"en-US\",\"potentialAction\":[{\"@type\":\"ReadAction\",\"target\":[\"https:\/\/nina-miles.com\/produit\/hochet-jingla-2\/\"]}]}]}<\/script>\n<!-- \/ Yoast SEO plugin. -->","_links":{"self":[{"href":"https:\/\/nina-miles.com\/en\/wp-json\/wp\/v2\/product\/5054"}],"collection":[{"href":"https:\/\/nina-miles.com\/en\/wp-json\/wp\/v2\/product"}],"about":[{"href":"https:\/\/nina-miles.com\/en\/wp-json\/wp\/v2\/types\/product"}],"wp:featuredmedia":[{"embeddable":true,"href":"https:\/\/nina-miles.com\/en\/wp-json\/wp\/v2\/media\/6250"}],"wp:attachment":[{"href":"https:\/\/nina-miles.com\/en\/wp-json\/wp\/v2\/media?parent=5054"}],"curies":[{"name":"wp","href":"https:\/\/api.w.org\/{rel}","templated":true}]}}