{"id":5058,"date":"2020-11-15T11:35:46","date_gmt":"2020-11-15T10:35:46","guid":{"rendered":"http:\/\/nina-miles.com\/?post_type=product&#038;p=5058"},"modified":"2023-09-26T17:53:42","modified_gmt":"2023-09-26T15:53:42","slug":"shaker-cylindre","status":"publish","type":"product","link":"https:\/\/nina-miles.com\/en\/product\/shaker-cylindre\/","title":{"rendered":"Cylinder shaker"},"content":{"rendered":"<p>R\u00e9f. : 0120SHCY<br \/>\nDimensions : \u00f8 45 mm x 60 mm<br \/>\nAge : from 3 months<br \/>\nMaterials: Untreated beech wood from sustainably managed French forests - Filling: stainless steel balls (French manufacture)<br \/>\nFinish : sanded wood<br \/>\nWeight : 55 g<br \/>\nFabrication dans le Jura &#8211; Assemblage \u00e0 la main dans notre atelier \u00e0 Paris.<br \/>\nTested and CE certified (EN 71-1, EN 71-2, EN 71-3) by a French laboratory.<br \/>\nClean with a clean, damp cloth.<br \/>\nDesign : NINA & MILES (registered design)<\/p>\n<p><img decoding=\"async\" loading=\"lazy\" class=\"wp-image-5017 alignleft\" src=\"http:\/\/nina-miles.com\/wp-content\/uploads\/2019\/12\/ce-sans-quadrillage-e1579265218800.jpg\" alt=\"\" width=\"64\" height=\"45\" srcset=\"https:\/\/nina-miles.com\/wp-content\/uploads\/2019\/12\/ce-sans-quadrillage-e1579265218800.jpg 1013w, https:\/\/nina-miles.com\/wp-content\/uploads\/2019\/12\/ce-sans-quadrillage-e1579265218800-150x105.jpg 150w, https:\/\/nina-miles.com\/wp-content\/uploads\/2019\/12\/ce-sans-quadrillage-e1579265218800-300x209.jpg 300w, https:\/\/nina-miles.com\/wp-content\/uploads\/2019\/12\/ce-sans-quadrillage-e1579265218800-768x535.jpg 768w, https:\/\/nina-miles.com\/wp-content\/uploads\/2019\/12\/ce-sans-quadrillage-e1579265218800-600x418.jpg 600w\" sizes=\"(max-width: 64px) 100vw, 64px\" \/><\/p>\n<div><\/div>","protected":false},"excerpt":{"rendered":"<h1><span style=\"color: #000000; font-size: 18pt;\"><b>Cylinder shaker<\/b><\/span><\/h1>\n<h2>A small shaker that sounds like a big one.<\/h2>\n<p>At the slightest movement, this shaker will make a sound thanks to the many small balls inside. Thanks to its cylindrical and rounded shape, it is easy and pleasant to handle.<\/p>\n<p>L&#8217;enfant prendra plaisir \u00e0 le remuer spontan\u00e9ment au rythme de la musique, \u00e0 suivre une pulsation r\u00e9guli\u00e8re et \u00e0 s&#8217;exprimer librement. Pour les tout-petits, le tourner et le bouger dans tous les sens consiste en un petit jeu d&#8217;exploration tr\u00e8s amusant.<\/p>\n<p><iframe loading=\"lazy\" src=\"https:\/\/w.soundcloud.com\/player\/?url=https%3A\/\/api.soundcloud.com\/tracks\/750925465&amp;color=%23d4bca4&amp;auto_play=false&amp;hide_related=false&amp;show_comments=true&amp;show_user=true&amp;show_reposts=false&amp;show_teaser=true&amp;visual=true\" width=\"100%\" height=\"100\" frameborder=\"no\" scrolling=\"no\"><\/iframe><\/p>","protected":false},"featured_media":6715,"template":"","meta":[],"yoast_head":"<!-- This site is optimized with the Yoast SEO plugin v14.9 - https:\/\/yoast.com\/wordpress\/plugins\/seo\/ -->\n<title>Shaker cylindre - NINA &amp; MILES<\/title>\n<meta name=\"robots\" content=\"index, follow, max-snippet:-1, max-image-preview:large, max-video-preview:-1\" \/>\n<link rel=\"canonical\" href=\"https:\/\/nina-miles.com\/en\/product\/shaker-cylindre\/\" \/>\n<meta property=\"og:locale\" content=\"en_US\" \/>\n<meta property=\"og:type\" content=\"article\" \/>\n<meta property=\"og:title\" content=\"Shaker cylindre - NINA &amp; MILES\" \/>\n<meta property=\"og:description\" content=\"Le shaker cylindre Un petit shaker aux allures de grand. Au moindre mouvement, ce shaker se fait entendre gr\u00e2ce aux nombreuses petites billes qui se trouvent \u00e0 l&#039;int\u00e9rieur. Gr\u00e2ce \u00e0 sa forme cylindrique et arrondie, la prise en main est facile et agr\u00e9able.  L&#039;enfant prendra plaisir \u00e0 le remuer spontan\u00e9ment au rythme de la musique, \u00e0 suivre une pulsation r\u00e9guli\u00e8re et \u00e0 s&#039;exprimer librement. Pour les tout-petits, le tourner et le bouger dans tous les sens consiste en un petit jeu d&#039;exploration tr\u00e8s amusant.\" \/>\n<meta property=\"og:url\" content=\"https:\/\/nina-miles.com\/en\/product\/shaker-cylindre\/\" \/>\n<meta property=\"og:site_name\" content=\"NINA &amp; MILES\" \/>\n<meta property=\"article:modified_time\" content=\"2023-09-26T15:53:42+00:00\" \/>\n<meta property=\"og:image\" content=\"https:\/\/nina-miles.com\/wp-content\/uploads\/2020\/01\/shaker-cylindre-nouveau-modele-format-carre.jpg\" \/>\n\t<meta property=\"og:image:width\" content=\"2160\" \/>\n\t<meta property=\"og:image:height\" content=\"2160\" \/>\n<meta name=\"twitter:card\" content=\"summary_large_image\" \/>\n<script type=\"application\/ld+json\" class=\"yoast-schema-graph\">{\"@context\":\"https:\/\/schema.org\",\"@graph\":[{\"@type\":\"WebSite\",\"@id\":\"https:\/\/nina-miles.com\/en\/#website\",\"url\":\"https:\/\/nina-miles.com\/en\/\",\"name\":\"NINA &amp; MILES\",\"description\":\"La gamme musicale \\u00e9co-responsable | Fabrication fran\\u00e7aise\",\"potentialAction\":[{\"@type\":\"SearchAction\",\"target\":\"https:\/\/nina-miles.com\/en\/?s={search_term_string}\",\"query-input\":\"required name=search_term_string\"}],\"inLanguage\":\"en-US\"},{\"@type\":\"ImageObject\",\"@id\":\"https:\/\/nina-miles.com\/produit\/shaker-cylindre\/#primaryimage\",\"inLanguage\":\"en-US\",\"url\":\"https:\/\/nina-miles.com\/wp-content\/uploads\/2020\/01\/shaker-cylindre-nouveau-modele-format-carre.jpg\",\"width\":2160,\"height\":2160},{\"@type\":\"WebPage\",\"@id\":\"https:\/\/nina-miles.com\/produit\/shaker-cylindre\/#webpage\",\"url\":\"https:\/\/nina-miles.com\/produit\/shaker-cylindre\/\",\"name\":\"Shaker cylindre - NINA &amp; MILES\",\"isPartOf\":{\"@id\":\"https:\/\/nina-miles.com\/en\/#website\"},\"primaryImageOfPage\":{\"@id\":\"https:\/\/nina-miles.com\/produit\/shaker-cylindre\/#primaryimage\"},\"datePublished\":\"2020-11-15T10:35:46+00:00\",\"dateModified\":\"2023-09-26T15:53:42+00:00\",\"inLanguage\":\"en-US\",\"potentialAction\":[{\"@type\":\"ReadAction\",\"target\":[\"https:\/\/nina-miles.com\/produit\/shaker-cylindre\/\"]}]}]}<\/script>\n<!-- \/ Yoast SEO plugin. -->","_links":{"self":[{"href":"https:\/\/nina-miles.com\/en\/wp-json\/wp\/v2\/product\/5058"}],"collection":[{"href":"https:\/\/nina-miles.com\/en\/wp-json\/wp\/v2\/product"}],"about":[{"href":"https:\/\/nina-miles.com\/en\/wp-json\/wp\/v2\/types\/product"}],"wp:featuredmedia":[{"embeddable":true,"href":"https:\/\/nina-miles.com\/en\/wp-json\/wp\/v2\/media\/6715"}],"wp:attachment":[{"href":"https:\/\/nina-miles.com\/en\/wp-json\/wp\/v2\/media?parent=5058"}],"curies":[{"name":"wp","href":"https:\/\/api.w.org\/{rel}","templated":true}]}}