{"id":6024,"date":"2020-11-15T11:20:42","date_gmt":"2020-11-15T10:20:42","guid":{"rendered":"http:\/\/nina-miles.com\/?post_type=product&#038;p=6024"},"modified":"2022-05-24T09:05:48","modified_gmt":"2022-05-24T07:05:48","slug":"claves","status":"publish","type":"product","link":"https:\/\/nina-miles.com\/en\/product\/claves\/","title":{"rendered":"Claves in beech"},"content":{"rendered":"<p>Ref. : 1120CLAVHE<br \/>\nDimensions : \u00f8 23 mm x L : 150 mm<br \/>\nAge : from 12 months*<br \/>\nMaterials: Untreated beech wood from sustainably managed French forests.<br \/>\nFinish: rough sanded wood - logo: laser engraving<br \/>\nPoids : 85 g<br \/>\nFabrication dans le Jura<\/p>\n<p>* Our claves are <em>real musical instruments<\/em> and therefore they are not tested (as a toy) which explains the absence of a CE marking. However, they do comply with the chemical requirements included in REACH regulations.<\/p>","protected":false},"excerpt":{"rendered":"<h1><span style=\"font-size: 18pt;\"><b>Claves in beech<\/b><\/span><\/h1>\n<h2>Our claves are 100% made in France and they are real musical instruments !\u00a0Made of solid beech wood from sustainably managed French forests and quite thick, their sound is very clear and resonant.<\/h2>\n<p>These beautiful claves are perfect for small hands but not only. They will undoubtedly also be appreciated by adults and, above all, musicians!<\/p>\n<p>As for the packaging, contrary to what is usually done, we are not wrapping them in plastic bags, but we have chosen a much more practical and durable solution. Each pair comes with two elastic straps to keep them together. Moreover, these bracelets have been custom-made by a French company founded in 1859 and labelled \"Entreprise du Patrimoine Vivant\" (Living Heritage Company). Because that is also what our brand stands for: forging links with other French companies with whom we share the same values.<\/p>","protected":false},"featured_media":6711,"template":"","meta":[],"yoast_head":"<!-- This site is optimized with the Yoast SEO plugin v14.9 - https:\/\/yoast.com\/wordpress\/plugins\/seo\/ -->\n<title>Claves en h\u00eatre - NINA &amp; MILES<\/title>\n<meta name=\"robots\" content=\"index, follow, max-snippet:-1, max-image-preview:large, max-video-preview:-1\" \/>\n<link rel=\"canonical\" href=\"https:\/\/nina-miles.com\/en\/product\/claves\/\" \/>\n<meta property=\"og:locale\" content=\"en_US\" \/>\n<meta property=\"og:type\" content=\"article\" \/>\n<meta property=\"og:title\" content=\"Claves en h\u00eatre - NINA &amp; MILES\" \/>\n<meta property=\"og:description\" content=\"Claves en h\u00eatre Nos claves sont 100 % made in France et il s&#039;agit de v\u00e9ritables instruments de musique !\u00a0En h\u00eatre massif issu de for\u00eats fran\u00e7aises g\u00e9r\u00e9es durablement et d&#039;une \u00e9paisseur assez importante, leur son est tr\u00e8s clair et d&#039;une tr\u00e8s belle r\u00e9sonance. Ces belles claves sont parfaitement adapt\u00e9es aux petites mains mais pas que. Elles seront sans doute aussi appr\u00e9ci\u00e9es par les adultes et, surtout, les musiciens !  Quant au conditionnement, contrairement \u00e0 ce qui se fait habituellement, nous n&#039;allons pas les emballer dans des sachets en plastique mais nous avons opt\u00e9 pour une solution bien plus pratique et durable. Chaque paire est livr\u00e9e avec deux bracelets \u00e9lastiques ce qui permettra de bien les garder ensemble. Par ailleurs, ces bracelets ont \u00e9t\u00e9 fabriqu\u00e9s sur mesure par une entreprise fran\u00e7aise fond\u00e9e en 1859 et labellis\u00e9e &quot;Entreprise du Patrimoine Vivant&quot;. Car c&#039;est aussi \u00e7a notre marque : tisser des liens avec d&#039;autres entreprises fran\u00e7aises avec lesquelles nous partageons les m\u00eames valeurs.\" \/>\n<meta property=\"og:url\" content=\"https:\/\/nina-miles.com\/en\/product\/claves\/\" \/>\n<meta property=\"og:site_name\" content=\"NINA &amp; MILES\" \/>\n<meta property=\"article:modified_time\" content=\"2022-05-24T07:05:48+00:00\" \/>\n<meta property=\"og:image\" content=\"https:\/\/nina-miles.com\/wp-content\/uploads\/2020\/10\/claves-format-carre-scaled.jpg\" \/>\n\t<meta property=\"og:image:width\" content=\"2560\" \/>\n\t<meta property=\"og:image:height\" content=\"2560\" \/>\n<meta name=\"twitter:card\" content=\"summary_large_image\" \/>\n<script type=\"application\/ld+json\" class=\"yoast-schema-graph\">{\"@context\":\"https:\/\/schema.org\",\"@graph\":[{\"@type\":\"WebSite\",\"@id\":\"https:\/\/nina-miles.com\/en\/#website\",\"url\":\"https:\/\/nina-miles.com\/en\/\",\"name\":\"NINA &amp; MILES\",\"description\":\"La gamme musicale \\u00e9co-responsable | Fabrication fran\\u00e7aise\",\"potentialAction\":[{\"@type\":\"SearchAction\",\"target\":\"https:\/\/nina-miles.com\/en\/?s={search_term_string}\",\"query-input\":\"required name=search_term_string\"}],\"inLanguage\":\"en-US\"},{\"@type\":\"ImageObject\",\"@id\":\"http:\/\/nina-miles.com\/produit\/claves\/#primaryimage\",\"inLanguage\":\"en-US\",\"url\":\"https:\/\/nina-miles.com\/wp-content\/uploads\/2020\/10\/claves-format-carre-scaled.jpg\",\"width\":2560,\"height\":2560},{\"@type\":\"WebPage\",\"@id\":\"http:\/\/nina-miles.com\/produit\/claves\/#webpage\",\"url\":\"http:\/\/nina-miles.com\/produit\/claves\/\",\"name\":\"Claves en h\\u00eatre - NINA &amp; MILES\",\"isPartOf\":{\"@id\":\"https:\/\/nina-miles.com\/en\/#website\"},\"primaryImageOfPage\":{\"@id\":\"http:\/\/nina-miles.com\/produit\/claves\/#primaryimage\"},\"datePublished\":\"2020-11-15T10:20:42+00:00\",\"dateModified\":\"2022-05-24T07:05:48+00:00\",\"inLanguage\":\"en-US\",\"potentialAction\":[{\"@type\":\"ReadAction\",\"target\":[\"http:\/\/nina-miles.com\/produit\/claves\/\"]}]}]}<\/script>\n<!-- \/ Yoast SEO plugin. -->","_links":{"self":[{"href":"https:\/\/nina-miles.com\/en\/wp-json\/wp\/v2\/product\/6024"}],"collection":[{"href":"https:\/\/nina-miles.com\/en\/wp-json\/wp\/v2\/product"}],"about":[{"href":"https:\/\/nina-miles.com\/en\/wp-json\/wp\/v2\/types\/product"}],"wp:featuredmedia":[{"embeddable":true,"href":"https:\/\/nina-miles.com\/en\/wp-json\/wp\/v2\/media\/6711"}],"wp:attachment":[{"href":"https:\/\/nina-miles.com\/en\/wp-json\/wp\/v2\/media?parent=6024"}],"curies":[{"name":"wp","href":"https:\/\/api.w.org\/{rel}","templated":true}]}}