{"id":6586,"date":"2020-11-15T11:52:48","date_gmt":"2020-11-15T10:52:48","guid":{"rendered":"http:\/\/nina-miles.com\/?post_type=product&#038;p=6586"},"modified":"2024-02-01T13:19:02","modified_gmt":"2024-02-01T12:19:02","slug":"jingla-boule-le-hochet-musical","status":"publish","type":"product","link":"https:\/\/nina-miles.com\/en\/product\/jingla-boule-le-hochet-musical\/","title":{"rendered":"JINGLA ball | The musical rattle"},"content":{"rendered":"<p>Ref. : 0120HJWH<br \/>\nDimensions : \u00f8 45 mm<br \/>\nAge : from 3 months<br \/>\nMaterials: Untreated beech wood from sustainably managed French forests - Bell complies with EN 71 toy standards - Elastic cord (inside the object)<br \/>\nFinish: sanded wood<br \/>\nWeight: 45 g<br \/>\nFabrication dans le Jura &#8211; Assemblage \u00e0 la main dans notre atelier \u00e0 Paris.<br \/>\nColoris grelot : blanc, jaune curcuma, bleu turquoise. ivoire, cannelle, marron, rouge cerise, rose poudr\u00e9, vieux rose, bleu ciel, dor\u00e9.<br \/>\nTested and CE certified (EN 71-1, EN 71-2, EN 71-3) by a French laboratory.<br \/>\nClean with a clean, damp cloth.<br \/>\nDesign : NINA & MILES (registered design)<\/p>\n<p><img decoding=\"async\" loading=\"lazy\" class=\"wp-image-5017 alignleft\" src=\"http:\/\/nina-miles.com\/wp-content\/uploads\/2019\/12\/ce-sans-quadrillage-e1579265218800.jpg\" alt=\"\" width=\"64\" height=\"45\" srcset=\"https:\/\/nina-miles.com\/wp-content\/uploads\/2019\/12\/ce-sans-quadrillage-e1579265218800.jpg 1013w, https:\/\/nina-miles.com\/wp-content\/uploads\/2019\/12\/ce-sans-quadrillage-e1579265218800-150x105.jpg 150w, https:\/\/nina-miles.com\/wp-content\/uploads\/2019\/12\/ce-sans-quadrillage-e1579265218800-300x209.jpg 300w, https:\/\/nina-miles.com\/wp-content\/uploads\/2019\/12\/ce-sans-quadrillage-e1579265218800-768x535.jpg 768w, https:\/\/nina-miles.com\/wp-content\/uploads\/2019\/12\/ce-sans-quadrillage-e1579265218800-600x418.jpg 600w\" sizes=\"(max-width: 64px) 100vw, 64px\" \/><\/p>\n<p>&nbsp;<\/p>","protected":false},"excerpt":{"rendered":"<h1><span style=\"color: #000000; font-size: 18pt;\"><b>JINGLA ball | The musical rattle<\/b><\/span><\/h1>\n<h2><span style=\"font-size: 12pt; color: #000000;\">By shaking JINGLA, toddlers will be delighted to discover a harmonious sound that will soothe little ears. <\/span><\/h2>\n<p><span style=\"font-size: 12pt; color: #000000;\">When designing this rattle, we deliberately chose the shape of the cylinder referring to Montessori's geometric solids. Therefor, by manipulating JINGLA, baby will learn about the geometry of volumes and he will develop his s<\/span><span style=\"font-size: 12pt; color: #000000;\">tereognosic sense.*<\/span><\/p>\n<p><span style=\"font-size: 12pt; color: #000000;\">Son grelot \u00e9tant un peu diff\u00e9rent que celui du hochet cylindre, le timbre n&#8217;est pas pareil.\u00a0Nous vous invitons \u00e0 l&#8217;\u00e9couter ci-dessous. Par ailleurs, le timbre\u00a0du grelot reste le m\u00eame,\u00a0peu importe la couleur. \u00a0<\/span><\/p>\n<p><span style=\"color: #000000; font-size: 10pt;\">(*) <em>To be able to recognize the shape and volume of objects.<\/em><\/span><\/p>\n<p><img decoding=\"async\" loading=\"lazy\" class=\"alignleft wp-image-5067\" src=\"http:\/\/nina-miles.com\/wp-content\/uploads\/2020\/01\/logo-collection-MONTESSORI-bleu-canard-avec-texte-1.png\" alt=\"\" width=\"408\" height=\"77\" srcset=\"https:\/\/nina-miles.com\/wp-content\/uploads\/2020\/01\/logo-collection-MONTESSORI-bleu-canard-avec-texte-1.png 6074w, https:\/\/nina-miles.com\/wp-content\/uploads\/2020\/01\/logo-collection-MONTESSORI-bleu-canard-avec-texte-1-150x28.png 150w, https:\/\/nina-miles.com\/wp-content\/uploads\/2020\/01\/logo-collection-MONTESSORI-bleu-canard-avec-texte-1-1200x226.png 1200w, https:\/\/nina-miles.com\/wp-content\/uploads\/2020\/01\/logo-collection-MONTESSORI-bleu-canard-avec-texte-1-300x56.png 300w, https:\/\/nina-miles.com\/wp-content\/uploads\/2020\/01\/logo-collection-MONTESSORI-bleu-canard-avec-texte-1-1024x193.png 1024w, https:\/\/nina-miles.com\/wp-content\/uploads\/2020\/01\/logo-collection-MONTESSORI-bleu-canard-avec-texte-1-768x144.png 768w, https:\/\/nina-miles.com\/wp-content\/uploads\/2020\/01\/logo-collection-MONTESSORI-bleu-canard-avec-texte-1-1536x289.png 1536w, https:\/\/nina-miles.com\/wp-content\/uploads\/2020\/01\/logo-collection-MONTESSORI-bleu-canard-avec-texte-1-2048x385.png 2048w, https:\/\/nina-miles.com\/wp-content\/uploads\/2020\/01\/logo-collection-MONTESSORI-bleu-canard-avec-texte-1-1170x220.png 1170w\" sizes=\"(max-width: 408px) 100vw, 408px\" \/><\/p>\n<p>&nbsp;<\/p>\n<p><iframe loading=\"lazy\" src=\"https:\/\/w.soundcloud.com\/player\/?url=https%3A\/\/api.soundcloud.com\/tracks\/1139890837&amp;color=%23ff5500&amp;auto_play=false&amp;hide_related=false&amp;show_comments=true&amp;show_user=true&amp;show_reposts=false&amp;show_teaser=true&amp;visual=true\" width=\"100%\" height=\"300\" frameborder=\"no\" scrolling=\"no\"><\/iframe><\/p>\n<div style=\"font-size: 10px; color: #cccccc; line-break: anywhere; word-break: normal; overflow: hidden; white-space: nowrap; text-overflow: ellipsis; font-family: Interstate,Lucida Grande,Lucida Sans Unicode,Lucida Sans,Garuda,Verdana,Tahoma,sans-serif; font-weight: 100;\"><a style=\"color: #cccccc; text-decoration: none;\" title=\"ninaandmiles\" href=\"https:\/\/soundcloud.com\/user-765106261\" target=\"_blank\" rel=\"noopener\">ninaandmiles<\/a> \u00b7 <a style=\"color: #cccccc; text-decoration: none;\" title=\"Hochet JINGLA Boule\" href=\"https:\/\/soundcloud.com\/user-765106261\/hochet-jingla-boule\" target=\"_blank\" rel=\"noopener\">Hochet JINGLA Boule<\/a><\/div>","protected":false},"featured_media":7907,"template":"","meta":[],"yoast_head":"<!-- This site is optimized with the Yoast SEO plugin v14.9 - https:\/\/yoast.com\/wordpress\/plugins\/seo\/ -->\n<title>JINGLA boule | Le hochet musical - NINA &amp; MILES<\/title>\n<meta name=\"robots\" content=\"index, follow, max-snippet:-1, max-image-preview:large, max-video-preview:-1\" \/>\n<link rel=\"canonical\" href=\"https:\/\/nina-miles.com\/en\/product\/jingla-boule-le-hochet-musical\/\" \/>\n<meta property=\"og:locale\" content=\"en_US\" \/>\n<meta property=\"og:type\" content=\"article\" \/>\n<meta property=\"og:title\" content=\"JINGLA boule | Le hochet musical - NINA &amp; MILES\" \/>\n<meta property=\"og:description\" content=\"Le hochet JINGLA boule En secouant JINGLA, les tout-petits d\u00e9couvriront, pour leur plus grand plaisir, un son harmonieux qui apaisera les petites oreilles.  Tout comme le hochet JINGLA cylindre, lors de la conception de cet hochet en forme de boule, nous avons d\u00e9lib\u00e9r\u00e9ment opt\u00e9 pour une forme faisant r\u00e9f\u00e9rence aux solides g\u00e9om\u00e9triques de Montessori. Ainsi, en manipulant JINGLA, b\u00e9b\u00e9 s&#039;initiera \u00e0 la g\u00e9om\u00e9trie des volumes et il d\u00e9veloppera son sens\u00a0st\u00e9r\u00e9ognosique*.  Son grelot \u00e9tant un peu diff\u00e9rent que celui du hochet cylindre, le timbre n&#039;est pas pareil.\u00a0Nous vous invitons \u00e0 l&#039;\u00e9couter ci-dessous. Par ailleurs, le timbre\u00a0du grelot reste le m\u00eame,\u00a0peu importe la couleur. \u00a0  (*) Le fait de reconna\u00eetre la forme et le volume des objets.    &nbsp;   ninaandmiles \u00b7 Hochet JINGLA Boule\" \/>\n<meta property=\"og:url\" content=\"https:\/\/nina-miles.com\/en\/product\/jingla-boule-le-hochet-musical\/\" \/>\n<meta property=\"og:site_name\" content=\"NINA &amp; MILES\" \/>\n<meta property=\"article:modified_time\" content=\"2024-02-01T12:19:02+00:00\" \/>\n<meta property=\"og:image\" content=\"https:\/\/nina-miles.com\/wp-content\/uploads\/2020\/11\/hochet-JINGLA-boule-jaune-carre.jpg\" \/>\n\t<meta property=\"og:image:width\" content=\"2268\" \/>\n\t<meta property=\"og:image:height\" content=\"2268\" \/>\n<meta name=\"twitter:card\" content=\"summary_large_image\" \/>\n<script type=\"application\/ld+json\" class=\"yoast-schema-graph\">{\"@context\":\"https:\/\/schema.org\",\"@graph\":[{\"@type\":\"WebSite\",\"@id\":\"https:\/\/nina-miles.com\/en\/#website\",\"url\":\"https:\/\/nina-miles.com\/en\/\",\"name\":\"NINA &amp; MILES\",\"description\":\"La gamme musicale \\u00e9co-responsable | Fabrication fran\\u00e7aise\",\"potentialAction\":[{\"@type\":\"SearchAction\",\"target\":\"https:\/\/nina-miles.com\/en\/?s={search_term_string}\",\"query-input\":\"required name=search_term_string\"}],\"inLanguage\":\"en-US\"},{\"@type\":\"ImageObject\",\"@id\":\"https:\/\/nina-miles.com\/produit\/jingla-boule-le-hochet-musical\/#primaryimage\",\"inLanguage\":\"en-US\",\"url\":\"https:\/\/nina-miles.com\/wp-content\/uploads\/2020\/11\/hochet-JINGLA-boule-jaune-carre.jpg\",\"width\":2268,\"height\":2268},{\"@type\":\"WebPage\",\"@id\":\"https:\/\/nina-miles.com\/produit\/jingla-boule-le-hochet-musical\/#webpage\",\"url\":\"https:\/\/nina-miles.com\/produit\/jingla-boule-le-hochet-musical\/\",\"name\":\"JINGLA boule | Le hochet musical - NINA &amp; MILES\",\"isPartOf\":{\"@id\":\"https:\/\/nina-miles.com\/en\/#website\"},\"primaryImageOfPage\":{\"@id\":\"https:\/\/nina-miles.com\/produit\/jingla-boule-le-hochet-musical\/#primaryimage\"},\"datePublished\":\"2020-11-15T10:52:48+00:00\",\"dateModified\":\"2024-02-01T12:19:02+00:00\",\"inLanguage\":\"en-US\",\"potentialAction\":[{\"@type\":\"ReadAction\",\"target\":[\"https:\/\/nina-miles.com\/produit\/jingla-boule-le-hochet-musical\/\"]}]}]}<\/script>\n<!-- \/ Yoast SEO plugin. -->","_links":{"self":[{"href":"https:\/\/nina-miles.com\/en\/wp-json\/wp\/v2\/product\/6586"}],"collection":[{"href":"https:\/\/nina-miles.com\/en\/wp-json\/wp\/v2\/product"}],"about":[{"href":"https:\/\/nina-miles.com\/en\/wp-json\/wp\/v2\/types\/product"}],"wp:featuredmedia":[{"embeddable":true,"href":"https:\/\/nina-miles.com\/en\/wp-json\/wp\/v2\/media\/7907"}],"wp:attachment":[{"href":"https:\/\/nina-miles.com\/en\/wp-json\/wp\/v2\/media?parent=6586"}],"curies":[{"name":"wp","href":"https:\/\/api.w.org\/{rel}","templated":true}]}}